{"id":8095,"date":"2019-06-06T17:42:43","date_gmt":"2019-06-06T15:42:43","guid":{"rendered":"https:\/\/www.vacanzericci.it\/privacy-policy\/"},"modified":"2019-06-06T17:42:43","modified_gmt":"2019-06-06T15:42:43","slug":"privacy-policy","status":"publish","type":"page","link":"https:\/\/www.vacanzericci.it\/en\/privacy-policy\/","title":{"rendered":"Privacy Policy"},"content":{"rendered":"<div class=\"wpb-content-wrapper\"><p>[vc_row][vc_column]<div class=\"section-title-wrapper shortcode-rand-1 gintol-inline-css\" data-css=\"&quot;.shortcode-rand-1 .background-title { font-family:Abril Fatface;font-weight:400;font-style:normal }.shortcode-rand-1 .section-title { text-transform: none; }&quot;\"><div class=\"title-wrap\"><h3 class=\"section-title\">Privacy Policy<\/h3><span class=\"sub-title\">Informativa al Cliente<\/span><\/div><!-- .title-wrap --><div class=\"section-description\"><\/div><!-- .section-description --><div class=\"button-section\"><\/div><!-- .button-section --><\/div><!-- .section-title-wrapper -->[vc_column_text]Gentile Cliente,<\/p>\n<p>ai sensi della normativa vigente in materia di protezione dei dati personali (Regolamento UE n. 679 del 2016), desideriamo informarla che i trattamenti dei suoi dati personali sono effettuati con correttezza e trasparenza, per fini leciti e tutelando la sua riservatezza ed i suoi diritti.<\/p>\n<p>I trattamenti sono effettuati anche con l\u2019ausilio di mezzi informatici per le seguenti finalit\u00e0:<\/p>\n<ol>\n<li><u>per acquisire e confermare la sua prenotazione di servizi di alloggio e servizi accessori, e per fornire i servizi richiesti<\/u>. Trattandosi di trattamenti necessari per la definizione dell\u2019accordo contrattuale e per la sua successiva attuazione, non \u00e8 richiesto il suo consenso, tranne nel caso in cui siano conferiti dati particolari, cosiddetti sensibili. In caso di rifiuto a conferire i dati personali, non potremo confermare la prenotazione o fornirle i servizi richiesti. Il trattamento cesser\u00e0 alla sua partenza, ma alcuni suoi dati personali potranno o dovranno continuare ad essere trattati per le finalit\u00e0 e con le modalit\u00e0 indicate nei punti successivi;<\/li>\n<li><u>per adempiere all\u2019obbligo previsto dal \u201cTesto unico delle leggi di pubblica sicurezza\u201d<\/u> (articolo 109 R.D. 18.6.1931 n. 773) <u>che ci impone di comunicare alla Questura, per fini di pubblica sicurezza, le generalit\u00e0 dei clienti alloggiati<\/u> secondo le modalit\u00e0 stabilite dal Ministero dell\u2019Interno (Decreto 7 gennaio 2013). Il conferimento dei dati \u00e8 obbligatorio e non richiede il suo consenso, ed in caso di rifiuto a fornirli non potremo ospitarla nella nostra struttura. I dati acquisiti per tale finalit\u00e0 non vengono da noi conservati, a meno che non ci fornisca il consenso alla conservazione come previsto al punto 4;<\/li>\n<li><u>per adempiere ai vigenti obblighi amministrativi, contabili e fiscali<\/u>. Per tali finalit\u00e0 il trattamento \u00e8 effettuato senza necessit\u00e0 di acquisire il suo consenso. I dati sono trattati da noi e da nostri incaricati, e vengono comunicati all\u2019esterno solo in adempimento ad obblighi di legge. In caso di rifiuto a conferire i dati necessari per gli adempimenti sopra indicati, non potremo fornirle i servizi richiesti. I dati acquisiti per tali finalit\u00e0 vengono da noi conservati per il tempo previsto dalle rispettive normative (10 anni, e anche oltre in caso di accertamenti fiscali);<\/li>\n<li><u>per accelerare le procedure di registrazione in caso di suoi successivi soggiorni presso la nostra struttura<\/u>. Per tale finalit\u00e0, previa acquisizione del suo consenso revocabile in qualsiasi momento, i suoi dati saranno conservati per il periodo massimo di 2 anni e saranno utilizzati quando sar\u00e0 nuovamente nostro ospite per le finalit\u00e0 di cui ai punti precedenti;<\/li>\n<li><u>per espletare la funzione di ricevimento di messaggi e telefonate a lei indirizzati durante il suo soggiorno<\/u>. Per tale finalit\u00e0 \u00e8 necessario il suo consenso. Potr\u00e0 revocare il consenso in qualsiasi momento. Il trattamento cesser\u00e0 comunque alla sua partenza;<\/li>\n<li><u>per inviarle nostri messaggi promozionali e aggiornamenti sulle tariffe e sulle offerte praticate<\/u>. Per tale finalit\u00e0, previa acquisizione del suo consenso, i suoi dati saranno conservati per il periodo massimo di 2 anni e non saranno comunicati a terzi. Potr\u00e0 revocare il consenso in qualsiasi momento;<\/li>\n<li><u>per fini di protezione delle persone, della propriet\u00e0 e del patrimonio aziendale attraverso un sistema di videosorveglianza di alcune aree della struttura, individuabili per la presenza di appositi cartelli<\/u>. Per tale trattamento non \u00e8 richiesto il suo consenso, in quanto persegue il nostro legittimo interesse a tutelare le persone ed i beni rispetto a possibili aggressioni, furti, rapine, danneggiamenti, atti di vandalismo e per finalit\u00e0 di prevenzione incendi e di sicurezza del lavoro. Le immagini registrate sono cancellate dopo 24 ore, salvo festivi o altri casi di chiusura dell\u2019esercizio, e comunque non oltre una settimana. Non sono oggetto di comunicazione a terzi, tranne nel caso in cui si debba aderire ad una specifica richiesta investigativa dell\u2019autorit\u00e0 giudiziaria o di polizia giudiziaria.<\/li>\n<\/ol>\n<p>Desideriamo inoltre informarla che il Regolamento europeo le riconosce alcuni diritti, tra cui il diritto di accesso e di rettifica, o di cancellazione o di limitazione o di opposizione al trattamento, oltre al diritto alla portabilit\u00e0 dei dati, se ed in quanto applicabili (articoli da 15 a 22 del Regolamento UE n. 679 del 2016). Pu\u00f2 inoltre proporre reclamo all\u2019autorit\u00e0 di controllo, secondo le procedure previste dalla normativa vigente.<\/p>\n<p>Per qualsiasi ulteriore informazione, e per far valere i diritti a lei riconosciuti dal Regolamento europeo, potr\u00e0 rivolgersi a:<br \/>\n<strong>Titolare del trattamento<\/strong>: Dario Ricci, (+39) 0565 977286, info@vacanzericci.it<br \/>\n<strong>Responsabile del trattamento<\/strong>: Dario Ricci, (+39) 328 8419981, info@vacanzericci.it[\/vc_column_text][\/vc_column][\/vc_row]<\/p>\n<\/div>","protected":false},"excerpt":{"rendered":"<p>[vc_row][vc_column][vc_column_text]Gentile Cliente, ai sensi della normativa vigente in materia di protezione dei dati personali (Regolamento UE n. 679 del 2016), desideriamo informarla che i trattamenti dei suoi dati personali sono effettuati con correttezza e trasparenza, per fini leciti e tutelando la sua riservatezza ed i suoi diritti. I trattamenti sono effettuati anche con l\u2019ausilio di<\/p>\n","protected":false},"author":1,"featured_media":0,"parent":0,"menu_order":99,"comment_status":"closed","ping_status":"closed","template":"","meta":{"footnotes":""},"yoast_head":"<!-- This site is optimized with the Yoast SEO plugin v23.0 - https:\/\/yoast.com\/wordpress\/plugins\/seo\/ -->\n<title>Privacy Policy - Appartamenti Vacanze Ricci - Marina di Campo, Isola d&#039;Elba<\/title>\n<meta name=\"robots\" content=\"noindex, nofollow\" \/>\n<meta property=\"og:locale\" content=\"en_US\" \/>\n<meta property=\"og:type\" content=\"article\" \/>\n<meta property=\"og:title\" content=\"Privacy Policy - Appartamenti Vacanze Ricci - Marina di Campo, Isola d&#039;Elba\" \/>\n<meta property=\"og:description\" content=\"[vc_row][vc_column][vc_column_text]Gentile Cliente, ai sensi della normativa vigente in materia di protezione dei dati personali (Regolamento UE n. 679 del 2016), desideriamo informarla che i trattamenti dei suoi dati personali sono effettuati con correttezza e trasparenza, per fini leciti e tutelando la sua riservatezza ed i suoi diritti. I trattamenti sono effettuati anche con l\u2019ausilio di\" \/>\n<meta property=\"og:url\" content=\"https:\/\/www.vacanzericci.it\/en\/privacy-policy\/\" \/>\n<meta property=\"og:site_name\" content=\"Appartamenti Vacanze Ricci\" \/>\n<meta name=\"twitter:card\" content=\"summary_large_image\" \/>\n<meta name=\"twitter:label1\" content=\"Est. reading time\" \/>\n\t<meta name=\"twitter:data1\" content=\"4 minutes\" \/>\n<script type=\"application\/ld+json\" class=\"yoast-schema-graph\">{\"@context\":\"https:\/\/schema.org\",\"@graph\":[{\"@type\":\"WebPage\",\"@id\":\"https:\/\/www.vacanzericci.it\/en\/privacy-policy\/\",\"url\":\"https:\/\/www.vacanzericci.it\/en\/privacy-policy\/\",\"name\":\"Privacy Policy - Appartamenti Vacanze Ricci - Marina di Campo, Isola d'Elba\",\"isPartOf\":{\"@id\":\"https:\/\/www.vacanzericci.it\/en\/#website\"},\"datePublished\":\"2019-06-06T15:42:43+00:00\",\"dateModified\":\"2019-06-06T15:42:43+00:00\",\"breadcrumb\":{\"@id\":\"https:\/\/www.vacanzericci.it\/en\/privacy-policy\/#breadcrumb\"},\"inLanguage\":\"en-US\",\"potentialAction\":[{\"@type\":\"ReadAction\",\"target\":[\"https:\/\/www.vacanzericci.it\/en\/privacy-policy\/\"]}]},{\"@type\":\"BreadcrumbList\",\"@id\":\"https:\/\/www.vacanzericci.it\/en\/privacy-policy\/#breadcrumb\",\"itemListElement\":[{\"@type\":\"ListItem\",\"position\":1,\"name\":\"Home\",\"item\":\"https:\/\/www.vacanzericci.it\/en\/\"},{\"@type\":\"ListItem\",\"position\":2,\"name\":\"Privacy Policy\"}]},{\"@type\":\"WebSite\",\"@id\":\"https:\/\/www.vacanzericci.it\/en\/#website\",\"url\":\"https:\/\/www.vacanzericci.it\/en\/\",\"name\":\"Appartamenti Vacanze Ricci\",\"description\":\"Marina di Campo, Isola d&#039;Elba\",\"publisher\":{\"@id\":\"https:\/\/www.vacanzericci.it\/en\/#organization\"},\"potentialAction\":[{\"@type\":\"SearchAction\",\"target\":{\"@type\":\"EntryPoint\",\"urlTemplate\":\"https:\/\/www.vacanzericci.it\/en\/?s={search_term_string}\"},\"query-input\":\"required name=search_term_string\"}],\"inLanguage\":\"en-US\"},{\"@type\":\"Organization\",\"@id\":\"https:\/\/www.vacanzericci.it\/en\/#organization\",\"name\":\"Appartamenti Vacanze Ricci\",\"url\":\"https:\/\/www.vacanzericci.it\/en\/\",\"logo\":{\"@type\":\"ImageObject\",\"inLanguage\":\"en-US\",\"@id\":\"https:\/\/www.vacanzericci.it\/en\/#\/schema\/logo\/image\/\",\"url\":\"https:\/\/www.vacanzericci.it\/wp-content\/uploads\/appartamenti_vacanze_ricci_verticale_b.png\",\"contentUrl\":\"https:\/\/www.vacanzericci.it\/wp-content\/uploads\/appartamenti_vacanze_ricci_verticale_b.png\",\"width\":800,\"height\":345,\"caption\":\"Appartamenti Vacanze Ricci\"},\"image\":{\"@id\":\"https:\/\/www.vacanzericci.it\/en\/#\/schema\/logo\/image\/\"}}]}<\/script>\n<!-- \/ Yoast SEO plugin. -->","yoast_head_json":{"title":"Privacy Policy - Appartamenti Vacanze Ricci - Marina di Campo, Isola d'Elba","robots":{"index":"noindex","follow":"nofollow"},"og_locale":"en_US","og_type":"article","og_title":"Privacy Policy - Appartamenti Vacanze Ricci - Marina di Campo, Isola d'Elba","og_description":"[vc_row][vc_column][vc_column_text]Gentile Cliente, ai sensi della normativa vigente in materia di protezione dei dati personali (Regolamento UE n. 679 del 2016), desideriamo informarla che i trattamenti dei suoi dati personali sono effettuati con correttezza e trasparenza, per fini leciti e tutelando la sua riservatezza ed i suoi diritti. I trattamenti sono effettuati anche con l\u2019ausilio di","og_url":"https:\/\/www.vacanzericci.it\/en\/privacy-policy\/","og_site_name":"Appartamenti Vacanze Ricci","twitter_card":"summary_large_image","twitter_misc":{"Est. reading time":"4 minutes"},"schema":{"@context":"https:\/\/schema.org","@graph":[{"@type":"WebPage","@id":"https:\/\/www.vacanzericci.it\/en\/privacy-policy\/","url":"https:\/\/www.vacanzericci.it\/en\/privacy-policy\/","name":"Privacy Policy - Appartamenti Vacanze Ricci - Marina di Campo, Isola d'Elba","isPartOf":{"@id":"https:\/\/www.vacanzericci.it\/en\/#website"},"datePublished":"2019-06-06T15:42:43+00:00","dateModified":"2019-06-06T15:42:43+00:00","breadcrumb":{"@id":"https:\/\/www.vacanzericci.it\/en\/privacy-policy\/#breadcrumb"},"inLanguage":"en-US","potentialAction":[{"@type":"ReadAction","target":["https:\/\/www.vacanzericci.it\/en\/privacy-policy\/"]}]},{"@type":"BreadcrumbList","@id":"https:\/\/www.vacanzericci.it\/en\/privacy-policy\/#breadcrumb","itemListElement":[{"@type":"ListItem","position":1,"name":"Home","item":"https:\/\/www.vacanzericci.it\/en\/"},{"@type":"ListItem","position":2,"name":"Privacy Policy"}]},{"@type":"WebSite","@id":"https:\/\/www.vacanzericci.it\/en\/#website","url":"https:\/\/www.vacanzericci.it\/en\/","name":"Appartamenti Vacanze Ricci","description":"Marina di Campo, Isola d&#039;Elba","publisher":{"@id":"https:\/\/www.vacanzericci.it\/en\/#organization"},"potentialAction":[{"@type":"SearchAction","target":{"@type":"EntryPoint","urlTemplate":"https:\/\/www.vacanzericci.it\/en\/?s={search_term_string}"},"query-input":"required name=search_term_string"}],"inLanguage":"en-US"},{"@type":"Organization","@id":"https:\/\/www.vacanzericci.it\/en\/#organization","name":"Appartamenti Vacanze Ricci","url":"https:\/\/www.vacanzericci.it\/en\/","logo":{"@type":"ImageObject","inLanguage":"en-US","@id":"https:\/\/www.vacanzericci.it\/en\/#\/schema\/logo\/image\/","url":"https:\/\/www.vacanzericci.it\/wp-content\/uploads\/appartamenti_vacanze_ricci_verticale_b.png","contentUrl":"https:\/\/www.vacanzericci.it\/wp-content\/uploads\/appartamenti_vacanze_ricci_verticale_b.png","width":800,"height":345,"caption":"Appartamenti Vacanze Ricci"},"image":{"@id":"https:\/\/www.vacanzericci.it\/en\/#\/schema\/logo\/image\/"}}]}},"_links":{"self":[{"href":"https:\/\/www.vacanzericci.it\/en\/wp-json\/wp\/v2\/pages\/8095"}],"collection":[{"href":"https:\/\/www.vacanzericci.it\/en\/wp-json\/wp\/v2\/pages"}],"about":[{"href":"https:\/\/www.vacanzericci.it\/en\/wp-json\/wp\/v2\/types\/page"}],"author":[{"embeddable":true,"href":"https:\/\/www.vacanzericci.it\/en\/wp-json\/wp\/v2\/users\/1"}],"replies":[{"embeddable":true,"href":"https:\/\/www.vacanzericci.it\/en\/wp-json\/wp\/v2\/comments?post=8095"}],"version-history":[{"count":0,"href":"https:\/\/www.vacanzericci.it\/en\/wp-json\/wp\/v2\/pages\/8095\/revisions"}],"wp:attachment":[{"href":"https:\/\/www.vacanzericci.it\/en\/wp-json\/wp\/v2\/media?parent=8095"}],"curies":[{"name":"wp","href":"https:\/\/api.w.org\/{rel}","templated":true}]}}