{"id":8091,"date":"2019-06-06T17:26:24","date_gmt":"2019-06-06T15:26:24","guid":{"rendered":"https:\/\/www.vacanzericci.it\/cookie-policy\/"},"modified":"2019-06-06T17:26:24","modified_gmt":"2019-06-06T15:26:24","slug":"cookie-policy","status":"publish","type":"page","link":"https:\/\/www.vacanzericci.it\/en\/cookie-policy\/","title":{"rendered":"Cookie Policy"},"content":{"rendered":"<div class=\"wpb-content-wrapper\"><p>[vc_row][vc_column]<div class=\"section-title-wrapper shortcode-rand-1 gintol-inline-css\" data-css=\"&quot;.shortcode-rand-1 .background-title { font-family:Abril Fatface;font-weight:400;font-style:normal }.shortcode-rand-1 .section-title { text-transform: none; }&quot;\"><div class=\"title-wrap\"><h3 class=\"section-title\">Informativa sui Cookie<\/h3><span class=\"sub-title\">(versione di giugno 2019)<\/span><\/div><!-- .title-wrap --><div class=\"section-description\"><\/div><!-- .section-description --><div class=\"button-section\"><\/div><!-- .button-section --><\/div><!-- .section-title-wrapper -->[vc_column_text]Gentile Visitatore\/Visitatrice (di seguito, &#8220;<strong>Tu<\/strong>&#8221; o l'&#8221;<strong>Utente<\/strong>&#8220;),<\/p>\n<p>Questo sito Internet www.vacanzericci.it, (di seguito, il &#8220;<strong>Sito<\/strong>&#8220;) \u00e8 di propriet\u00e0 del signor Ricci Dario, con indirizzo in Via dell&#8217;Acquedotto n. 696, 57034 Campo nell&#8217;Elba (LI) (Italia), C.F. RCCDRA76E31G912Q, (di seguito, &#8220;<strong>Sig. Ricci<\/strong>&#8221; o il &#8220;<strong>Proprietario<\/strong>&#8220;)<\/p>\n<p>Poich\u00e9 sul nostro Sito sono utilizzati dei cookie per diverse finalit\u00e0, con questa informativa vogliamo spiegarti cosa sono i cookie e come vengono utilizzati sul Sito.<\/p>\n<p>Alcuni cookie (cookie propri o di prima parte) sono veicolati e controllati direttamente da noi. Attraverso questi cookie, la Societ\u00e0 raccoglie e tratta alcuni dati personali che ti riguardano. In questa informativa, ai sensi del Regolamento UE n. 679 del 2016, ti spieghiamo come raccogliamo questi dati, per quali finalit\u00e0 e quali sono i tuoi diritti.<\/p>\n<p>Altri cookie (cookie di terze parti), sono, invece, veicolati e controllati da soggetti terzi. Su questa informativa troverai dei link alle informative pubblicate da questi soggetti terzi, che ti preghiamo di leggere con attenzione.<\/p>\n<h5>A. Cosa sono i cookie ed a cosa servono<\/h5>\n<p>I cookie sono piccoli file di testo che i siti visitati dall&#8217;utente inviano direttamente al suo terminale (solitamente al browser), dove vengono memorizzati per essere poi ritrasmessi agli stessi siti alla successiva visita del medesimo utente (<strong>cookie propri di prima parte<\/strong>). Nel corso della navigazione su un sito, l&#8217;utente pu\u00f2 ricevere sul suo terminale anche cookie di siti o di web server diversi (<strong>cookie di terze parti<\/strong>); ci\u00f2 accade perch\u00e9 sul sito web visitato possono essere presenti elementi come, ad esempio, immagini, mappe, suoni, specifici link a pagine web di altri domini che risiedono su server diversi da quello sul quale si trova la pagina richiesta. In altre parole, sono quei cookie che vengono impostati da un sito web diverso da quello che si sta attualmente visitando.<\/p>\n<p>I cookie possono avere una durata limitata ad una singola sessione di navigazione sul browser (<strong>cookie di sessione<\/strong>), ed in tal caso si disattivano automaticamente al momento della chiusura del browser da parte dell&#8217;utente; oppure possono avere una scadenza predeterminata ed, in tal caso, rimarranno memorizzati ed attivi nel tuo hard disk fino a tale data di scadenza, continuando a raccogliere informazioni nel corso di differenti sessioni di navigazione sul browser (<strong>cookie permanenti<\/strong>).<\/p>\n<p>I cookie sono utilizzati per diverse funzioni. Alcuni sono necessari per consentirti di navigare sul Sito e usufruire delle sue funzionalit\u00e0 (<strong>cookie tecnici<\/strong>). Altri sono utilizzati per ottenere informazioni statistiche, in forma aggregata o non, sul numero degli utenti che accedono al Sito e su come il Sito viene utilizzato (<strong>cookie di analytics<\/strong>). Altri, infine, sono utilizzati per tracciare un tuo profilo di consumatore e farti visualizzare annunci pubblicitari sul Sito che possano essere per te interessanti, in quanto coerenti con i tuoi gusti e le tue abitudini di consumo (<strong>cookie di profilazione<\/strong>).<\/p>\n<p>Per conoscere pi\u00f9 in dettaglio queste diverse categorie di cookie continua a leggere questa informativa. Scopri come funzionano ed a cosa servono, e scegli liberamente se acconsentire al loro utilizzo o impedirlo.<\/p>\n<h5>B. I cookie tecnici<\/h5>\n<p>I cookie tecnici sono utilizzati sul Sito al solo fine di rendere possibile la tua navigazione sul Sito e consentirti di utilizzarne le funzionalit\u00e0. Si tratta sempre di cookie di prima parte, in quanto sono veicolati direttamente da noi sul Sito.<\/p>\n<p>Alcuni cookie tecnici sono indispensabili per offrirti un&#8217;ottimale esperienza di navigazione o per consentirti di autenticarti sul sito, ad esempio per realizzare un acquisto sul Sito o entrare nella tua area riservata (<strong>cookie di navigazione<\/strong>). I cookie di navigazione sono normalmente cookie di sessione e, pertanto, una volta chiuso il browser di navigazione, vengono disattivati automaticamente.<\/p>\n<p>Altri cookie tecnici sono utili per consentirti di memorizzare alcune tue preferenze (ad esempio, la lingua o il paese di provenienza) senza doverle reimpostare nel corso delle visite successive (<strong>cookie di funzionalit\u00e0<\/strong>). Per questo motivo, i cookie di funzionalit\u00e0 sono spesso cookie persistenti, in quanto rimangono memorizzati nel tuo computer anche dopo la chiusura del browser di navigazione, fino alla data di scadenza per essi prevista o fino a quando tu abbia deciso di eliminarli.<\/p>\n<p>Come previsto dalla normativa vigente in materia di privacy, per l&#8217;installazione di tali cookie non \u00e8 richiesto il tuo preventivo consenso. Naturalmente sei libero di bloccare l&#8217;installazione dei cookie tecnici, modificando le impostazioni del tuo browser (leggi il paragrafo E, n. 1 per sapere come fare). <u>Considera, tuttavia, che, bloccando l&#8217;installazione dei cookie tecnici, o successivamente eliminando gli stessi, la possibilit\u00e0 di accedere al Sito, di usufruire in tutto o in parte dello stesso, di abilitare o disabilitare determinate funzioni o di ricevere determinati servizi potrebbe essere in tutto o in parte compromessa.<\/u><\/p>\n<h5>C. I cookie di &#8220;analytics&#8221;<\/h5>\n<p>I cookie analytics sono utilizzati sul Sito per raccogliere informazioni statistiche, in forma aggregata, sul numero degli utenti che accedono al Sito e su come questi visitano il Sito stesso.<\/p>\n<p>Su questo Sito sono presenti i seguenti cookie analytics veicolati direttamente da noi e pertanto sono installati sul Sito senza il tuo consenso preventivo:<\/p>\n<table>\n<tbody>\n<tr>\n<th>NOME DEL COOKIE<\/th>\n<th>CATEGORIA DEL COOKIE<\/th>\n<th>ISTRUZIONI SULL\u2019OPT-OUT<\/th>\n<\/tr>\n<tr>\n<td>Google Analytics<\/td>\n<td>&#8211; cookie analytics di prima parte<br \/>\n&#8211; permanente<br \/>\n&#8211; anonimizzato<\/td>\n<td>Informativa Google Analytics: <a href=\"https:\/\/support.google.com\/analytics\/answer\/6004245?hl=it\">clicca qui<\/a><br \/>\nOpt-Out: <a href=\"https:\/\/tools.google.com\/dlpage\/gaoptout?hl=it\">clicca qui<\/a><\/td>\n<\/tr>\n<\/tbody>\n<\/table>\n<p>Naturalmente sei libero di bloccare l&#8217;installazione dei cookie analytics in qualsiasi momento, senza che la possibilit\u00e0 di visitare il Sito e fruire dei suoi contenuti sia in qualsiasi modo compromessa. Per sapere come fare, leggi attentamente le informative sui cookie di analytics seguendo i link riportati nella tabella qui sopra.<\/p>\n<p>Segnaliamo inoltre che il Sito utilizza, al fine di acquisire i dati derivanti dai cookie di analytics, un sistema basato sulla tecnologia tag pixel. I suddetti dati sono tutti aggregati ed anonimizzati (come gi\u00e0 dettagliato nelle tabella di cui sopra) e il suddetto tag pixel funziona come mero strumento di trasmissione di tali dati.<\/p>\n<h5>D. I cookie di profilazione<\/h5>\n<p>I cookie di profilazione sono utilizzati per creare un tuo profilo di utente, basato sulle preferenze ed i gusti da te manifestati durante la navigazione su Internet, e farti visualizzare messaggi pubblicitari coerenti con il tuo profilo. In questo modo i messaggi pubblicitari che visualizzerai sul nostro Sito potranno essere per te maggiormente interessanti.<\/p>\n<p>Come previsto dalla normativa vigente in materia di privacy, per l&#8217;installazione di tali cookie \u00e8 richiesto il tuo preventivo consenso. Per questo motivo, quando accedi a particolari sezioni del Sito che installano questo tipo di cookie, viene visualizzato in evidenza un apposito banner, che ti informa che (i) su tale sezione del Sito sono utilizzati dei cookie di profilazione e che (ii) chiudendo il banner, scorrendo la pagina o cliccando qualunque elemento della pagina al di fuori del banner, si acconsente all&#8217;uso dei cookie. Qualora tu dovessi esprimere il tuo consenso all&#8217;installazione dei cookie con questa modalit\u00e0, terremo traccia del tuo consenso attraverso un apposito cookie tecnico. In questo modo, eviteremo di farti visualizzare il banner sui cookie nel corso delle tue successive visite alle suddette sezioni del Sito. Ti preghiamo di considerare che, qualora tu dovessi eliminare questo cookie tecnico dal tuo browser con le modalit\u00e0 di cui al successivo paragrafo E, n. 1, la traccia del tuo consenso verrebbe persa e, pertanto, nel corso della tua successiva visita a tali sezioni del Sito, il banner sui cookie sar\u00e0 visualizzato nuovamente.<\/p>\n<p>Naturalmente sei libero di bloccare l&#8217;installazione dei cookie di profilazione in qualsiasi momento, senza che la possibilit\u00e0 di visitare il sito e fruire dei suoi contenuti sia in qualsiasi modo compromessa. Se decidi di disattivare la pubblicit\u00e0 comportamentale non significa che non riceverai pi\u00f9 pubblicit\u00e0 sul Sito. Tuttavia, i banner che visualizzerai sul Sito potrebbero non rispecchiare i tuoi interessi o le tue preferenze sul browser che stai attualmente utilizzando.<\/p>\n<p>I Cookie di profilazione sono installati da soggetti terzi, che agiscono in qualit\u00e0 di autonomi titolari del trattamento (cookie di terze parti).<\/p>\n<h5>E. Come gestire i cookie ed opporti al loro utilizzo<\/h5>\n<p>Ci sono diverse opzioni per gestire, disabilitare e cancellare i cookie.<\/p>\n<p>(1) <strong><u>Cambia le impostazioni del tuo browser<\/u><\/strong><\/p>\n<p>Segui le istruzioni fornite dal produttore del browser che utilizzi per scoprire come gestire, disabilitare o cancellare tutti i cookie (tecnici, analytics e di profilazione):<\/p>\n<p><strong>Explorer<\/strong>: <a href=\"https:\/\/support.microsoft.com\/en-us\/kb\/196955\/it\">https:\/\/support.microsoft.com\/en-us\/kb\/196955\/it<\/a><br \/>\n<strong>Chrome<\/strong>: <a href=\"https:\/\/support.google.com\/chrome\/answer\/95647?hl=it\">https:\/\/support.google.com\/chrome\/answer\/95647?hl=it<\/a><br \/>\n<strong>Firefox<\/strong>: <a href=\"https:\/\/support.mozilla.org\/it\/kb\/Attivare%20e%20disattivare%20i%20cookie\">https:\/\/support.mozilla.org\/it\/kb\/Attivare%20e%20disattivare%20i%20cookie<\/a><br \/>\n<strong>Safari<\/strong>: <a href=\"https:\/\/support.apple.com\/kb\/PH17191?locale=it_IT\">https:\/\/support.apple.com\/kb\/PH17191?locale=it_IT<\/a><br \/>\n<strong>Opera<\/strong>: <a href=\"http:\/\/help.opera.com\/Windows\/10.00\/it\/cookies.html\">http:\/\/help.opera.com\/Windows\/10.00\/it\/cookies.html<\/a><\/p>\n<p>Fai le tue scelte con attenzione. Bloccando indiscriminatamente la ricezione di tutti i cookie, inclusi quelli tecnici, senza prevedere una specifica eccezione per il Sito, potresti, infatti, non essere pi\u00f9 in grado di navigare sul Sito o di usufruire in tutto o in parte delle sue funzionalit\u00e0. Inoltre, cancellando tutti i cookie dal browser, anche i cookie tecnici potrebbero essere rimossi e, pertanto, potresti rimuovere le preferenze che hai impostato utilizzando il Sito o non ritrovare pi\u00f9 i prodotti o servizi inseriti nel tuo carrello.<\/p>\n<p>(2) <strong><u>Utilizza gli strumenti interattivi forniti da noi e dalle terze parti<\/u><\/strong><\/p>\n<p>Per <u>disabilitare i cookie di analytics, ovvero quelli di profilazione installati dalla Societ\u00e0<\/u>, puoi semplicemente utilizzare gli strumenti indicati nel paragrafo C e D di questa informativa.<\/p>\n<p>Per <u>disabilitare i cookie di terze parti<\/u>, consulta le informative privacy dei terzi che installano cookie di profilazione (vedi il precedente paragrafo D) per conoscere gli altri strumenti a tua disposizione per gestire, disabilitare e cancellare i cookie, e pi\u00f9 in generale per opporti al loro utilizzo. Ricordati che, disabilitando i cookie di terze parti, (i) ti opponi al loro utilizzo non soltanto sul Sito ma su tutti i siti Internet su cui tali cookie sono utilizzati e (ii) la possibilit\u00e0 di navigare sul Sito ed utilizzarne le funzionalit\u00e0 non sar\u00e0 in alcun modo pregiudicata. Quando disabiliti i cookie di terze parti visualizzerai comunque il banner nell&#8217;home page sul Sito relativo ai cookie; in questo caso, per\u00f2, chiudendo il banner, scorrendo l&#8217;home page o cliccando qualunque elemento dell&#8217;home page al di fuori del banner, non riceverai nessun cookie di terza parte che hai correttamente disabilitato.<\/p>\n<p>(3) <strong><u>Utilizza il sito Internet <a href=\"http:\/\/www.youronlinechoices.eu\/it\/\">www.youronlinechoices.eu\/it\/<\/a><\/u><\/strong><\/p>\n<p>Your Online Choices \u00e8 un sito Internet gestito dall&#8217;associazione non-profit <i>European Interactive Digital Advertising Alliance<\/i> (EDAA), la cui versione in lingua italiana \u00e8 raggiungibile all&#8217;indirizzo <a href=\"http:\/\/www.youronlinechoices.eu\/it\/\">www.youronlinechoices.eu\/it\/<\/a>, che fornisce informazioni sulla pubblicit\u00e0 comportamentale basata sui cookie di profilazione (<a href=\"http:\/\/www.youronlinechoices.com\/it\/a-proposito\">http:\/\/www.youronlinechoices.com\/it\/a-proposito<\/a>) e consente agli utenti di Internet di opporsi facilmente (opt-out) all&#8217;installazione dei principali cookie di profilazione installati dagli operatori pubblicitari ed utilizzati su siti Internet (<a href=\"http:\/\/www.youronlinechoices.com\/it\/le-tue- scelte\">http:\/\/www.youronlinechoices.com\/it\/le-tue-scelte<\/a>). Prima di utilizzare questo strumento, ti consigliamo di leggere attentamente le condizioni generali di servizio del sito Your Online Choices (<a href=\"http:\/\/www.youronlinechoices.com\/it\/condizioni-generali-di-servizio\">http:\/\/www.youronlinechoices.com\/it\/condizioni-generali-di-servizio<\/a>), le domande frequenti (FAQ) (<a href=\"http:\/\/www.youronlinechoices.com\/it\/faqs\">http:\/\/www.youronlinechoices.com\/it\/faqs<\/a>) e la guida per l&#8217;utente (<a href=\"http:\/\/www.youronlinechoices.com\/it\/help\">http:\/\/www.youronlinechoices.com\/it\/help<\/a>).<\/p>\n<p>Utilizza consapevolmente Your Online Choices. Sebbene, infatti, Your Online Choices riunisca molte delle pi\u00f9 importanti societ\u00e0 del mondo pubblicitario che utilizzano cookie, alcune delle terze parti che installano cookie attraverso il Sito potrebbero non aver aderito a Your Online Choices. Pertanto, l&#8217;utilizzo di Your Online Choices non garantisce che si riceveranno cookie di terze parti navigando sul Sito. Ricordati, inoltre, che eliminando tutti i cookie dal proprio browser, anche i cookie tecnici rilasciati da Your Online Choices per ricordare le tue scelte potrebbero essere eliminati, rendendo nuovamente attivi i cookie di terze parti.<\/p>\n<h5>F. Altre informazioni<\/h5>\n<p>Come evidenziato nella premessa di questa informativa, la Societ\u00e0 raccoglie e tratta alcuni tuoi dati personali attraverso i cookie che essa veicola direttamente sul Sito (cookie di prima parte). La Societ\u00e0 agisce in qualit\u00e0 di titolare del trattamento di questi dati, in conformit\u00e0 alle previsioni del Codice Privacy. Tratteremo i tuoi dati solo con strumenti elettronici, in maniera totalmente automatizzata e senza intermediazione umana. Pertanto, i nostri dipendenti e collaboratori non accederanno mai al contenuto dei tuoi dati personali ottenuti attraverso i cookie, fatto salvo il caso in cui si rendano necessari interventi di manutenzione ordinaria o straordinaria e, comunque, anche in quei casi, sar\u00e0 solo ed esclusivamente per il tempo strettamente necessario all&#8217;espletamento del servizio. Alcuni dei nostri dipendenti e collaboratori, da noi nominati quali incaricati del trattamento, potrebbero effettuare degli interventi di manutenzione sui sistemi informatici che ospitano i tuoi dati, senza poter mai accedere al loro effettivo contenuto. I dati personali potrebbero essere memorizzati nei server gestiti da soggetti terzi (es. fornitori di sistemi informatici) o potrebbero essere gestiti da soggetti specializzati nella pubblicit\u00e0 online, che agiscono in qualit\u00e0 di responsabili esterni del trattamento sulla base di un&#8217;apposita nomina per iscritto da parte della Societ\u00e0. Ti informiamo che, nel rispetto dei presupposti e delle garanzie stabilite dalla legge, i tuoi dati potrebbero essere trasferiti in Paesi non appartenenti all&#8217;Area Economica Europea, che potrebbero non offrire un livello di tutela della privacy e della protezione dei dati personali paragonabile a quello garantito dalle leggi italiane ed europee sulla privacy. I tuoi dati personali non saranno comunicati a terzi titolari del trattamento n\u00e9 saranno diffusi.<\/p>\n<p>La Societ\u00e0 pu\u00f2 modificare la presenta informativa privacy in base alle esigenze legislative, regolamentarie, o con la finalit\u00e0 di adattare detta informativa alle istruzioni impartite dalle Autorit\u00e0 competenti in materia. Per tal motivo, si consiglia di controllarla periodicamente.<\/p>\n<h5>G. I tuoi diritti<\/h5>\n<p>Hai il diritto di ottenere in qualsiasi momento la conferma dell&#8217;esistenza o meno di dati personali che ti riguardano e di conoscerne il contenuto e l&#8217;origine, verificarne l&#8217;esattezza o chiederne l&#8217;integrazione o l&#8217;aggiornamento, oppure la rettificazione. Hai, inoltre, il diritto di chiedere la cancellazione, la trasformazione in forma anonima o il blocco dei dati trattati in violazione di legge, nonch\u00e9 di opporti in ogni caso, per motivi legittimi, al loro trattamento. Infine, hai il diritto di ottenere una lista dei responsabili esterni del trattamento nominati dal Titolare. Per esercitare i tuoi diritti, o per avere ogni altra informazione o chiarimento in merito a questa informativa, contatta il Titolare via raccomanda a.r. (all&#8217;indirizzo Via dell&#8217;Acquedotto, n. 696 \/ 57034 Campo nell&#8217;Elba &#8211; LI &#8211; Italia) o via email (all&#8217;indirizzo <a href=\"mailto:info@vacanzericci.it\">info@vacanzericci.it<\/a>).[\/vc_column_text][\/vc_column][\/vc_row]<\/p>\n<\/div>","protected":false},"excerpt":{"rendered":"<p>[vc_row][vc_column][vc_column_text]Gentile Visitatore\/Visitatrice (di seguito, &#8220;Tu&#8221; o l&#8217;&#8221;Utente&#8220;), Questo sito Internet www.vacanzericci.it, (di seguito, il &#8220;Sito&#8220;) \u00e8 di propriet\u00e0 del signor Ricci Dario, con indirizzo in Via dell&#8217;Acquedotto n. 696, 57034 Campo nell&#8217;Elba (LI) (Italia), C.F. RCCDRA76E31G912Q, (di seguito, &#8220;Sig. Ricci&#8221; o il &#8220;Proprietario&#8220;) Poich\u00e9 sul nostro Sito sono utilizzati dei cookie per diverse finalit\u00e0, con<\/p>\n","protected":false},"author":1,"featured_media":0,"parent":0,"menu_order":99,"comment_status":"closed","ping_status":"closed","template":"","meta":{"footnotes":""},"yoast_head":"<!-- This site is optimized with the Yoast SEO plugin v23.0 - https:\/\/yoast.com\/wordpress\/plugins\/seo\/ -->\n<title>Cookie Policy - Appartamenti Vacanze Ricci - Marina di Campo, Isola d&#039;Elba<\/title>\n<meta name=\"robots\" content=\"noindex, nofollow\" \/>\n<meta property=\"og:locale\" content=\"en_US\" \/>\n<meta property=\"og:type\" content=\"article\" \/>\n<meta property=\"og:title\" content=\"Cookie Policy - Appartamenti Vacanze Ricci - Marina di Campo, Isola d&#039;Elba\" \/>\n<meta property=\"og:description\" content=\"[vc_row][vc_column][vc_column_text]Gentile Visitatore\/Visitatrice (di seguito, &#8220;Tu&#8221; o l&#039;&#8221;Utente&#8220;), Questo sito Internet www.vacanzericci.it, (di seguito, il &#8220;Sito&#8220;) \u00e8 di propriet\u00e0 del signor Ricci Dario, con indirizzo in Via dell&#8217;Acquedotto n. 696, 57034 Campo nell&#8217;Elba (LI) (Italia), C.F. RCCDRA76E31G912Q, (di seguito, &#8220;Sig. Ricci&#8221; o il &#8220;Proprietario&#8220;) Poich\u00e9 sul nostro Sito sono utilizzati dei cookie per diverse finalit\u00e0, con\" \/>\n<meta property=\"og:url\" content=\"https:\/\/www.vacanzericci.it\/en\/cookie-policy\/\" \/>\n<meta property=\"og:site_name\" content=\"Appartamenti Vacanze Ricci\" \/>\n<meta name=\"twitter:card\" content=\"summary_large_image\" \/>\n<meta name=\"twitter:label1\" content=\"Est. reading time\" \/>\n\t<meta name=\"twitter:data1\" content=\"12 minutes\" \/>\n<script type=\"application\/ld+json\" class=\"yoast-schema-graph\">{\"@context\":\"https:\/\/schema.org\",\"@graph\":[{\"@type\":\"WebPage\",\"@id\":\"https:\/\/www.vacanzericci.it\/en\/cookie-policy\/\",\"url\":\"https:\/\/www.vacanzericci.it\/en\/cookie-policy\/\",\"name\":\"Cookie Policy - Appartamenti Vacanze Ricci - Marina di Campo, Isola d'Elba\",\"isPartOf\":{\"@id\":\"https:\/\/www.vacanzericci.it\/en\/#website\"},\"datePublished\":\"2019-06-06T15:26:24+00:00\",\"dateModified\":\"2019-06-06T15:26:24+00:00\",\"breadcrumb\":{\"@id\":\"https:\/\/www.vacanzericci.it\/en\/cookie-policy\/#breadcrumb\"},\"inLanguage\":\"en-US\",\"potentialAction\":[{\"@type\":\"ReadAction\",\"target\":[\"https:\/\/www.vacanzericci.it\/en\/cookie-policy\/\"]}]},{\"@type\":\"BreadcrumbList\",\"@id\":\"https:\/\/www.vacanzericci.it\/en\/cookie-policy\/#breadcrumb\",\"itemListElement\":[{\"@type\":\"ListItem\",\"position\":1,\"name\":\"Home\",\"item\":\"https:\/\/www.vacanzericci.it\/en\/\"},{\"@type\":\"ListItem\",\"position\":2,\"name\":\"Cookie Policy\"}]},{\"@type\":\"WebSite\",\"@id\":\"https:\/\/www.vacanzericci.it\/en\/#website\",\"url\":\"https:\/\/www.vacanzericci.it\/en\/\",\"name\":\"Appartamenti Vacanze Ricci\",\"description\":\"Marina di Campo, Isola d&#039;Elba\",\"publisher\":{\"@id\":\"https:\/\/www.vacanzericci.it\/en\/#organization\"},\"potentialAction\":[{\"@type\":\"SearchAction\",\"target\":{\"@type\":\"EntryPoint\",\"urlTemplate\":\"https:\/\/www.vacanzericci.it\/en\/?s={search_term_string}\"},\"query-input\":\"required name=search_term_string\"}],\"inLanguage\":\"en-US\"},{\"@type\":\"Organization\",\"@id\":\"https:\/\/www.vacanzericci.it\/en\/#organization\",\"name\":\"Appartamenti Vacanze Ricci\",\"url\":\"https:\/\/www.vacanzericci.it\/en\/\",\"logo\":{\"@type\":\"ImageObject\",\"inLanguage\":\"en-US\",\"@id\":\"https:\/\/www.vacanzericci.it\/en\/#\/schema\/logo\/image\/\",\"url\":\"https:\/\/www.vacanzericci.it\/wp-content\/uploads\/appartamenti_vacanze_ricci_verticale_b.png\",\"contentUrl\":\"https:\/\/www.vacanzericci.it\/wp-content\/uploads\/appartamenti_vacanze_ricci_verticale_b.png\",\"width\":800,\"height\":345,\"caption\":\"Appartamenti Vacanze Ricci\"},\"image\":{\"@id\":\"https:\/\/www.vacanzericci.it\/en\/#\/schema\/logo\/image\/\"}}]}<\/script>\n<!-- \/ Yoast SEO plugin. -->","yoast_head_json":{"title":"Cookie Policy - Appartamenti Vacanze Ricci - Marina di Campo, Isola d'Elba","robots":{"index":"noindex","follow":"nofollow"},"og_locale":"en_US","og_type":"article","og_title":"Cookie Policy - Appartamenti Vacanze Ricci - Marina di Campo, Isola d'Elba","og_description":"[vc_row][vc_column][vc_column_text]Gentile Visitatore\/Visitatrice (di seguito, &#8220;Tu&#8221; o l'&#8221;Utente&#8220;), Questo sito Internet www.vacanzericci.it, (di seguito, il &#8220;Sito&#8220;) \u00e8 di propriet\u00e0 del signor Ricci Dario, con indirizzo in Via dell&#8217;Acquedotto n. 696, 57034 Campo nell&#8217;Elba (LI) (Italia), C.F. RCCDRA76E31G912Q, (di seguito, &#8220;Sig. Ricci&#8221; o il &#8220;Proprietario&#8220;) Poich\u00e9 sul nostro Sito sono utilizzati dei cookie per diverse finalit\u00e0, con","og_url":"https:\/\/www.vacanzericci.it\/en\/cookie-policy\/","og_site_name":"Appartamenti Vacanze Ricci","twitter_card":"summary_large_image","twitter_misc":{"Est. reading time":"12 minutes"},"schema":{"@context":"https:\/\/schema.org","@graph":[{"@type":"WebPage","@id":"https:\/\/www.vacanzericci.it\/en\/cookie-policy\/","url":"https:\/\/www.vacanzericci.it\/en\/cookie-policy\/","name":"Cookie Policy - Appartamenti Vacanze Ricci - Marina di Campo, Isola d'Elba","isPartOf":{"@id":"https:\/\/www.vacanzericci.it\/en\/#website"},"datePublished":"2019-06-06T15:26:24+00:00","dateModified":"2019-06-06T15:26:24+00:00","breadcrumb":{"@id":"https:\/\/www.vacanzericci.it\/en\/cookie-policy\/#breadcrumb"},"inLanguage":"en-US","potentialAction":[{"@type":"ReadAction","target":["https:\/\/www.vacanzericci.it\/en\/cookie-policy\/"]}]},{"@type":"BreadcrumbList","@id":"https:\/\/www.vacanzericci.it\/en\/cookie-policy\/#breadcrumb","itemListElement":[{"@type":"ListItem","position":1,"name":"Home","item":"https:\/\/www.vacanzericci.it\/en\/"},{"@type":"ListItem","position":2,"name":"Cookie Policy"}]},{"@type":"WebSite","@id":"https:\/\/www.vacanzericci.it\/en\/#website","url":"https:\/\/www.vacanzericci.it\/en\/","name":"Appartamenti Vacanze Ricci","description":"Marina di Campo, Isola d&#039;Elba","publisher":{"@id":"https:\/\/www.vacanzericci.it\/en\/#organization"},"potentialAction":[{"@type":"SearchAction","target":{"@type":"EntryPoint","urlTemplate":"https:\/\/www.vacanzericci.it\/en\/?s={search_term_string}"},"query-input":"required name=search_term_string"}],"inLanguage":"en-US"},{"@type":"Organization","@id":"https:\/\/www.vacanzericci.it\/en\/#organization","name":"Appartamenti Vacanze Ricci","url":"https:\/\/www.vacanzericci.it\/en\/","logo":{"@type":"ImageObject","inLanguage":"en-US","@id":"https:\/\/www.vacanzericci.it\/en\/#\/schema\/logo\/image\/","url":"https:\/\/www.vacanzericci.it\/wp-content\/uploads\/appartamenti_vacanze_ricci_verticale_b.png","contentUrl":"https:\/\/www.vacanzericci.it\/wp-content\/uploads\/appartamenti_vacanze_ricci_verticale_b.png","width":800,"height":345,"caption":"Appartamenti Vacanze Ricci"},"image":{"@id":"https:\/\/www.vacanzericci.it\/en\/#\/schema\/logo\/image\/"}}]}},"_links":{"self":[{"href":"https:\/\/www.vacanzericci.it\/en\/wp-json\/wp\/v2\/pages\/8091"}],"collection":[{"href":"https:\/\/www.vacanzericci.it\/en\/wp-json\/wp\/v2\/pages"}],"about":[{"href":"https:\/\/www.vacanzericci.it\/en\/wp-json\/wp\/v2\/types\/page"}],"author":[{"embeddable":true,"href":"https:\/\/www.vacanzericci.it\/en\/wp-json\/wp\/v2\/users\/1"}],"replies":[{"embeddable":true,"href":"https:\/\/www.vacanzericci.it\/en\/wp-json\/wp\/v2\/comments?post=8091"}],"version-history":[{"count":0,"href":"https:\/\/www.vacanzericci.it\/en\/wp-json\/wp\/v2\/pages\/8091\/revisions"}],"wp:attachment":[{"href":"https:\/\/www.vacanzericci.it\/en\/wp-json\/wp\/v2\/media?parent=8091"}],"curies":[{"name":"wp","href":"https:\/\/api.w.org\/{rel}","templated":true}]}}