{"id":8064,"date":"2019-05-31T11:38:24","date_gmt":"2019-05-31T09:38:24","guid":{"rendered":"https:\/\/www.vacanzericci.it\/prenotazione\/"},"modified":"2025-03-12T15:46:26","modified_gmt":"2025-03-12T14:46:26","slug":"buchung","status":"publish","type":"page","link":"https:\/\/www.vacanzericci.it\/de\/buchung\/","title":{"rendered":"Buchung"},"content":{"rendered":"<div class=\"wpb-content-wrapper\"><p>[vc_row css=&#8220;.vc_custom_1559296470608{padding-bottom: 0px !important;}&#8220;][vc_column]<div class=\"section-title-wrapper shortcode-rand-1 gintol-inline-css\" data-css=\"&quot;.shortcode-rand-1 .background-title { font-family:Abril Fatface;font-weight:400;font-style:normal }.shortcode-rand-1 .title-separator.separator-border, .shortcode-rand-1 .title-separator.separator-border:after, .shortcode-rand-1 .title-separator.separator-border:before { background-color: ; }.shortcode-rand-1 .section-title { color: #000000; text-transform: none; }&quot;\"><div class=\"title-wrap\"><h3 class=\"section-title\">Buchungs-Anfrage<\/h3><span class=\"title-separator separator-border theme-color-bg\"><\/span><\/div><!-- .title-wrap --><div class=\"section-description\"><\/div><!-- .section-description --><div class=\"button-section\"><\/div><!-- .button-section --><\/div><!-- .section-title-wrapper -->[vc_column_text]Wenn Sie dieses Formular ausf\u00fcllen, wird Ihre Buchungs-Anfrage abgesendet. Wir antworten so schnell wie m\u00f6glich mit dem best m\u00f6glichen Preis in dem gew\u00fcnschten Zeitraum. Die Felder mit dem * &#8222;Stern&#8220; sind unbedingt auszuf\u00fcllen.[\/vc_column_text][\/vc_column][\/vc_row][vc_row full_width=&#8220;stretch_row&#8220; content_placement=&#8220;top&#8220; css=&#8220;.vc_custom_1559633051781{padding-top: 0px !important;}&#8220;][vc_column width=&#8220;2\/3&#8243;]<div class=\"contact-form-wrapper contact-form-material\" data-css=\"&quot;&quot;\"><div class=\"contact-form\">\n<div class=\"wpcf7 no-js\" id=\"wpcf7-f8058-o1\" lang=\"en-US\" dir=\"ltr\">\n<div class=\"screen-reader-response\"><p role=\"status\" aria-live=\"polite\" aria-atomic=\"true\"><\/p> <ul><\/ul><\/div>\n<form action=\"\/de\/wp-json\/wp\/v2\/pages\/8064#wpcf7-f8058-o1\" method=\"post\" class=\"wpcf7-form init\" aria-label=\"Contact form\" novalidate=\"novalidate\" data-status=\"init\">\n<div style=\"display: none;\">\n<input type=\"hidden\" name=\"_wpcf7\" value=\"8058\" \/>\n<input type=\"hidden\" name=\"_wpcf7_version\" value=\"5.9.6\" \/>\n<input type=\"hidden\" name=\"_wpcf7_locale\" value=\"en_US\" \/>\n<input type=\"hidden\" name=\"_wpcf7_unit_tag\" value=\"wpcf7-f8058-o1\" \/>\n<input type=\"hidden\" name=\"_wpcf7_container_post\" value=\"0\" \/>\n<input type=\"hidden\" name=\"_wpcf7_posted_data_hash\" value=\"\" \/>\n<input type=\"hidden\" name=\"_wpcf7_recaptcha_response\" value=\"\" \/>\n<\/div>\n<div class=\"row\">\n\t<div class=\"col-md-6 col-sm-12\">\n\t\t<p><span class=\"wpcf7-form-control-wrap\" data-name=\"nome\"><input size=\"40\" maxlength=\"80\" class=\"wpcf7-form-control wpcf7-text wpcf7-validates-as-required\" aria-required=\"true\" aria-invalid=\"false\" placeholder=\"Name *\" value=\"\" type=\"text\" name=\"nome\" \/><\/span>\n\t\t<\/p>\n\t<\/div>\n\t<div class=\"col-md-6 col-sm-12\">\n\t\t<p><span class=\"wpcf7-form-control-wrap\" data-name=\"cognome\"><input size=\"40\" maxlength=\"80\" class=\"wpcf7-form-control wpcf7-text wpcf7-validates-as-required\" aria-required=\"true\" aria-invalid=\"false\" placeholder=\"Vorname *\" value=\"\" type=\"text\" name=\"cognome\" \/><\/span>\n\t\t<\/p>\n\t<\/div>\n\t<div class=\"col-md-6 col-sm-12\">\n\t\t<p><span class=\"wpcf7-form-control-wrap\" data-name=\"mail\"><input size=\"40\" maxlength=\"80\" class=\"wpcf7-form-control wpcf7-email wpcf7-validates-as-required wpcf7-text wpcf7-validates-as-email\" aria-required=\"true\" aria-invalid=\"false\" placeholder=\"Email *\" value=\"\" type=\"email\" name=\"mail\" \/><\/span>\n\t\t<\/p>\n\t<\/div>\n\t<div class=\"col-md-6 col-sm-12\">\n\t\t<p><span class=\"wpcf7-form-control-wrap\" data-name=\"telefono\"><input size=\"40\" maxlength=\"80\" class=\"wpcf7-form-control wpcf7-text\" aria-invalid=\"false\" placeholder=\"Telefon\" value=\"\" type=\"text\" name=\"telefono\" \/><\/span>\n\t\t<\/p>\n\t<\/div>\n\t<div class=\"col-md-6 col-sm-12\">\n\t\t<p><span class=\"wpcf7-form-control-wrap\" data-name=\"arrivo\"><input size=\"40\" maxlength=\"80\" class=\"wpcf7-form-control wpcf7-text wpcf7-validates-as-required walcf7-datepicker\" aria-required=\"true\" aria-invalid=\"false\" placeholder=\"Anreisedatum *\" value=\"\" type=\"text\" name=\"arrivo\" \/><\/span>\n\t\t<\/p>\n\t<\/div>\n\t<div class=\"col-md-6 col-sm-12\">\n\t\t<p><span class=\"wpcf7-form-control-wrap\" data-name=\"partenza\"><input size=\"40\" maxlength=\"80\" class=\"wpcf7-form-control wpcf7-text wpcf7-validates-as-required walcf7-datepicker\" aria-required=\"true\" aria-invalid=\"false\" placeholder=\"Abreisedatum *\" value=\"\" type=\"text\" name=\"partenza\" \/><\/span>\n\t\t<\/p>\n\t<\/div>\n\t<div class=\"col-md-4 col-sm-12\">\n\t\t<p><span class=\"wpcf7-form-control-wrap\" data-name=\"adulti\"><input class=\"wpcf7-form-control wpcf7-number wpcf7-validates-as-required wpcf7-validates-as-number\" min=\"1\" aria-required=\"true\" aria-invalid=\"false\" placeholder=\"Erwachsene *\" value=\"\" type=\"number\" name=\"adulti\" \/><\/span>\n\t\t<\/p>\n\t<\/div>\n\t<div class=\"col-md-4 col-sm-12\">\n\t\t<p><span class=\"wpcf7-form-control-wrap\" data-name=\"bambini\"><input class=\"wpcf7-form-control wpcf7-number wpcf7-validates-as-number\" min=\"0\" aria-invalid=\"false\" placeholder=\"Kinder\" value=\"\" type=\"number\" name=\"bambini\" \/><\/span>\n\t\t<\/p>\n\t<\/div>\n\t<div class=\"col-md-4 col-sm-12\">\n\t\t<p><span class=\"wpcf7-form-control-wrap\" data-name=\"eta\"><input size=\"40\" maxlength=\"80\" class=\"wpcf7-form-control wpcf7-text\" aria-invalid=\"false\" placeholder=\"Alter Kinder\" value=\"\" type=\"text\" name=\"eta\" \/><\/span>\n\t\t<\/p>\n\t<\/div>\n\t<div class=\"col-md-12\">\n\t\t<div class=\"kek\">\n\t\t\t<p>Unterkunft: <span class=\"wpcf7-form-control-wrap\" data-name=\"alloggio\"><span class=\"wpcf7-form-control wpcf7-checkbox\"><span class=\"wpcf7-list-item first\"><label><input type=\"checkbox\" name=\"alloggio[]\" value=\"Zwei-Zimmer-Wohnung\" \/><span class=\"wpcf7-list-item-label\">Zwei-Zimmer-Wohnung<\/span><\/label><\/span><span class=\"wpcf7-list-item last\"><label><input type=\"checkbox\" name=\"alloggio[]\" value=\"Kleine Villa\" \/><span class=\"wpcf7-list-item-label\">Kleine Villa<\/span><\/label><\/span><\/span><\/span>\n\t\t\t<\/p>\n\t\t<\/div>\n\t<\/div>\n\t<div class=\"col-md-12\">\n\t\t<p><span class=\"wpcf7-form-control-wrap\" data-name=\"note\"><textarea cols=\"40\" rows=\"10\" maxlength=\"400\" class=\"wpcf7-form-control wpcf7-textarea\" aria-invalid=\"false\" placeholder=\"Nachricht\" name=\"note\"><\/textarea><\/span>\n\t\t<\/p>\n\t<\/div>\n\t<div class=\"col-md-12\" style=\"font-size:0.9em; line-height:1.2em; margin-bottom:10px;\">\n\t\t<p>Wir informieren Sie, dass die Daten, die Sie zur Verf\u00fcgung stellen, auf computergest\u00fctzte Weise in \u00dcbereinstimmung mit den in der geltenden Datenschutzgesetzgebung (EU-Verordnung Nr. 679 von 2016) festgelegten Grunds\u00e4tzen verarbeitet werden, um die angeforderten Informationen zu liefern und schlie\u00dflich Best\u00e4tigen Sie die Buchung von Zimmern und anderen Dienstleistungen. Die vollst\u00e4ndigen Informationen \u00fcber die Methoden und Zwecke der durchgef\u00fchrten Handlungen sind in den Datenschutzrichtlinien enthalten. Man kann jedoch jederzeit die L\u00f6schung seiner Daten verlangen. Bitte beachten Sie auch, dass Sie, um mit der Verarbeitung personenbezogener Daten einverstanden zu sein, mindestens 16 Jahre alt sein m\u00fcssen.\n\t\t<\/p>\n\t<\/div>\n\t<div class=\"col-md-12\">\n\t\t<p><span class=\"wpcf7-form-control-wrap\" data-name=\"privacy\"><span class=\"wpcf7-form-control wpcf7-acceptance\"><span class=\"wpcf7-list-item\"><input type=\"checkbox\" name=\"privacy\" value=\"1\" aria-invalid=\"false\" \/><\/span><\/span><\/span> I acknowledge the above information\n\t\t<\/p>\n\t\t<p>&nbsp;\n\t\t<\/p>\n\t<\/div>\n<\/div>\n<p><input class=\"wpcf7-form-control wpcf7-submit has-spinner\" type=\"submit\" value=\"Anfrage Senden\" \/>\n<\/p><div class=\"wpcf7-response-output\" aria-hidden=\"true\"><\/div>\n<\/form>\n<\/div>\n<\/div><!-- .contact-form --><\/div><!-- .contact-form-wrapper -->[\/vc_column][vc_column width=&#8220;1\/3&#8243; el_class=&#8220;pl-lg-5&#8243; css=&#8220;.vc_custom_1559296255289{background-image: url(https:\/\/www.vacanzericci.it\/wp-content\/uploads\/contact-map.png?id=6536) !important;background-position: center !important;background-repeat: no-repeat !important;background-size: contain !important;}&#8220;][vc_row_inner css=&#8220;.vc_custom_1675933083408{margin-bottom: 20px !important;padding-top: 20px !important;padding-right: 10px !important;padding-bottom: 20px !important;padding-left: 10px !important;background-color: rgba(246,247,248,0.98) !important;*background-color: rgb(246,247,248) !important;border-radius: 5px !important;}&#8220;][vc_column_inner][vc_column_text css=&#8220;.vc_custom_1675933121553{margin-bottom: 15px !important;}&#8220;]2-Zimmer-Wohungen und Kleine Villa[\/vc_column_text][vc_separator color=&#8220;custom&#8220; css=&#8220;.vc_custom_1675932985645{margin-bottom: 20px !important;}&#8220; accent_color=&#8220;#cdc2b0&#8243;]<div class=\"feature-box-wrapper icon-shadow feature-box-style-1 text-left vc_custom_1741790785160 shortcode-rand-3 gintol-inline-css feature-list-1\" data-css=\"&quot;.shortcode-rand-3.feature-box-wrapper .section-title { color: #000000; }.shortcode-rand-3.feature-box-wrapper { color: #333333; }.shortcode-rand-3.feature-box-wrapper .fbox-list .media-body &gt; *:nth-child(1) { margin-bottom: 15px; }.shortcode-rand-3.feature-box-wrapper {background: -moz-linear-gradient(141deg,  0%,  51%,  75%);\\r\\n\\t\\t\\t\\tbackground: -webkit-linear-gradient(141deg,  0%,  51%,  75%);\\r\\n\\t\\t\\t\\tbackground: linear-gradient(141deg,  0%,  51%,  75%);}.shortcode-rand-3 .feature-box-icon { font-size: 30px; }.shortcode-rand-3 .feature-box-icon { height: 60px; width: 60px; }.shortcode-rand-3 .feature-box-icon &gt; span { line-height: 2; }.shortcode-rand-3:hover .feature-box-icon { color: #000000; }&quot;\"><div class=\"fbox-list\"><div class=\"media\"><div class=\"feature-box-icon mr-4 text-center rounded-circle theme-color none\"><span class=\"fas fa-map-marker-alt\"><\/span><\/div><!-- .feature-box-icon --><div class=\"media-body\"><div class=\"feature-box-title\"><h6 class=\"section-title\">Adresse<\/h6><\/div><!-- .feature-box-title --><div class=\"feature-box-content\">Via dell&#8217;Acquedotto, n. 1264<br \/>\n57034 &#8211; Campo nell&#8217;Elba (LI)<\/div><!-- .feature-box-content --><\/div><\/div><\/div><\/div><!-- .feature-box-wrapper --><div class=\"feature-box-wrapper icon-shadow feature-box-style-1 text-left vc_custom_1675932915858 shortcode-rand-4 gintol-inline-css feature-list-1\" data-css=\"&quot;.shortcode-rand-4.feature-box-wrapper .section-title { color: #000000; }.shortcode-rand-4.feature-box-wrapper { color: #333333; }.shortcode-rand-4.feature-box-wrapper .fbox-list .media-body &gt; *:nth-child(1) { margin-bottom: 15px; }.shortcode-rand-4.feature-box-wrapper {background: -moz-linear-gradient(141deg,  0%,  51%,  75%);\\r\\n\\t\\t\\t\\tbackground: -webkit-linear-gradient(141deg,  0%,  51%,  75%);\\r\\n\\t\\t\\t\\tbackground: linear-gradient(141deg,  0%,  51%,  75%);}.shortcode-rand-4 .feature-box-icon { font-size: 30px; }.shortcode-rand-4 .feature-box-icon { height: 60px; width: 60px; }.shortcode-rand-4 .feature-box-icon &gt; span { line-height: 2; }.shortcode-rand-4:hover .feature-box-icon { color: #000000; }&quot;\"><div class=\"fbox-list\"><div class=\"media\"><div class=\"feature-box-icon mr-4 text-center rounded-circle theme-color none\"><span class=\"fas fa-phone\"><\/span><\/div><!-- .feature-box-icon --><div class=\"media-body\"><div class=\"feature-box-title\"><h6 class=\"section-title\">Telefon<\/h6><\/div><!-- .feature-box-title --><div class=\"feature-box-content\"><strong>Tel<\/strong>: <a href=\"tel:+390565977286\">(+39) 0565 977286<\/a><br \/>\n<strong>Mobile<\/strong>: <a href=\"tel:+393288419981\">(+39) 328 8419981<\/a><\/div><!-- .feature-box-content --><\/div><\/div><\/div><\/div><!-- .feature-box-wrapper --><div class=\"feature-box-wrapper icon-shadow feature-box-style-1 text-left vc_custom_1680618601942 shortcode-rand-5 gintol-inline-css feature-list-1\" data-css=\"&quot;.shortcode-rand-5.feature-box-wrapper .section-title { color: #000000; }.shortcode-rand-5.feature-box-wrapper { color: #333333; }.shortcode-rand-5.feature-box-wrapper .fbox-list .media-body &gt; *:nth-child(1) { margin-bottom: 15px; }.shortcode-rand-5.feature-box-wrapper {background: -moz-linear-gradient(141deg,  0%,  51%,  75%);\\r\\n\\t\\t\\t\\tbackground: -webkit-linear-gradient(141deg,  0%,  51%,  75%);\\r\\n\\t\\t\\t\\tbackground: linear-gradient(141deg,  0%,  51%,  75%);}.shortcode-rand-5 .feature-box-icon { font-size: 30px; }.shortcode-rand-5 .feature-box-icon { height: 60px; width: 60px; }.shortcode-rand-5 .feature-box-icon &gt; span { line-height: 2; }.shortcode-rand-5:hover .feature-box-icon { color: #000000; }&quot;\"><div class=\"fbox-list\"><div class=\"media\"><div class=\"feature-box-icon mr-4 text-center rounded-circle theme-color none\"><span class=\"fas fa-envelope\"><\/span><\/div><!-- .feature-box-icon --><div class=\"media-body\"><div class=\"feature-box-title\"><h6 class=\"section-title\">Email<\/h6><\/div><!-- .feature-box-title --><div class=\"feature-box-content\"><a href=\"mailto:infovacanzericci@gmail.com\">infovacanzericci@gmail.com<\/a><\/div><!-- .feature-box-content --><\/div><\/div><\/div><\/div><!-- .feature-box-wrapper -->[\/vc_column_inner][\/vc_row_inner][\/vc_column][\/vc_row]<\/p>\n<\/div>","protected":false},"excerpt":{"rendered":"<p>[vc_row css=&#8220;.vc_custom_1559296470608{padding-bottom: 0px !important;}&#8220;][vc_column][vc_column_text]Wenn Sie dieses Formular ausf\u00fcllen, wird Ihre Buchungs-Anfrage abgesendet. Wir antworten so schnell wie m\u00f6glich mit dem best m\u00f6glichen Preis in dem gew\u00fcnschten Zeitraum. Die Felder mit dem * &#8222;Stern&#8220; sind unbedingt auszuf\u00fcllen.[\/vc_column_text][\/vc_column][\/vc_row][vc_row full_width=&#8220;stretch_row&#8220; content_placement=&#8220;top&#8220; css=&#8220;.vc_custom_1559633051781{padding-top: 0px !important;}&#8220;][vc_column width=&#8220;2\/3&#8243;][\/vc_column][vc_column width=&#8220;1\/3&#8243; el_class=&#8220;pl-lg-5&#8243; css=&#8220;.vc_custom_1559296255289{background-image: url(https:\/\/www.vacanzericci.it\/wp-content\/uploads\/contact-map.png?id=6536) !important;background-position: center !important;background-repeat: no-repeat !important;background-size: contain !important;}&#8220;][vc_row_inner css=&#8220;.vc_custom_1675933083408{margin-bottom: 20px<\/p>\n","protected":false},"author":1,"featured_media":0,"parent":0,"menu_order":5,"comment_status":"closed","ping_status":"closed","template":"","meta":{"footnotes":""},"yoast_head":"<!-- This site is optimized with the Yoast SEO plugin v23.0 - https:\/\/yoast.com\/wordpress\/plugins\/seo\/ -->\n<title>Buchung - Ferienwohnung - Marina di Campo, Insel Elba<\/title>\n<meta name=\"robots\" content=\"index, follow, max-snippet:-1, max-image-preview:large, max-video-preview:-1\" \/>\n<link rel=\"canonical\" href=\"https:\/\/www.vacanzericci.it\/de\/buchung\/\" \/>\n<meta property=\"og:locale\" content=\"de_DE\" \/>\n<meta property=\"og:type\" content=\"article\" \/>\n<meta property=\"og:title\" content=\"Buchung - Ferienwohnung - Marina di Campo, Insel Elba\" \/>\n<meta property=\"og:description\" content=\"[vc_row css=&#8220;.vc_custom_1559296470608{padding-bottom: 0px !important;}&#8220;][vc_column][vc_column_text]Wenn Sie dieses Formular ausf\u00fcllen, wird Ihre Buchungs-Anfrage abgesendet. Wir antworten so schnell wie m\u00f6glich mit dem best m\u00f6glichen Preis in dem gew\u00fcnschten Zeitraum. Die Felder mit dem * &#8222;Stern&#8220; sind unbedingt auszuf\u00fcllen.[\/vc_column_text][\/vc_column][\/vc_row][vc_row full_width=&#8220;stretch_row&#8220; content_placement=&#8220;top&#8220; css=&#8220;.vc_custom_1559633051781{padding-top: 0px !important;}&#8220;][vc_column width=&#8220;2\/3&#8243;][\/vc_column][vc_column width=&#8220;1\/3&#8243; el_class=&#8220;pl-lg-5&#8243; css=&#8220;.vc_custom_1559296255289{background-image: url(https:\/\/www.vacanzericci.it\/wp-content\/uploads\/contact-map.png?id=6536) !important;background-position: center !important;background-repeat: no-repeat !important;background-size: contain !important;}&#8220;][vc_row_inner css=&#8220;.vc_custom_1675933083408{margin-bottom: 20px\" \/>\n<meta property=\"og:url\" content=\"https:\/\/www.vacanzericci.it\/de\/buchung\/\" \/>\n<meta property=\"og:site_name\" content=\"Appartamenti Vacanze Ricci\" \/>\n<meta property=\"article:modified_time\" content=\"2025-03-12T14:46:26+00:00\" \/>\n<meta name=\"twitter:card\" content=\"summary_large_image\" \/>\n<meta name=\"twitter:label1\" content=\"Gesch\u00e4tzte Lesezeit\" \/>\n\t<meta name=\"twitter:data1\" content=\"2 Minuten\" \/>\n<script type=\"application\/ld+json\" class=\"yoast-schema-graph\">{\"@context\":\"https:\/\/schema.org\",\"@graph\":[{\"@type\":\"WebPage\",\"@id\":\"https:\/\/www.vacanzericci.it\/de\/buchung\/\",\"url\":\"https:\/\/www.vacanzericci.it\/de\/buchung\/\",\"name\":\"Buchung - Ferienwohnung - Marina di Campo, Insel Elba\",\"isPartOf\":{\"@id\":\"https:\/\/www.vacanzericci.it\/de\/#website\"},\"datePublished\":\"2019-05-31T09:38:24+00:00\",\"dateModified\":\"2025-03-12T14:46:26+00:00\",\"breadcrumb\":{\"@id\":\"https:\/\/www.vacanzericci.it\/de\/buchung\/#breadcrumb\"},\"inLanguage\":\"de-DE\",\"potentialAction\":[{\"@type\":\"ReadAction\",\"target\":[\"https:\/\/www.vacanzericci.it\/de\/buchung\/\"]}]},{\"@type\":\"BreadcrumbList\",\"@id\":\"https:\/\/www.vacanzericci.it\/de\/buchung\/#breadcrumb\",\"itemListElement\":[{\"@type\":\"ListItem\",\"position\":1,\"name\":\"Home\",\"item\":\"https:\/\/www.vacanzericci.it\/de\/\"},{\"@type\":\"ListItem\",\"position\":2,\"name\":\"Buchung\"}]},{\"@type\":\"WebSite\",\"@id\":\"https:\/\/www.vacanzericci.it\/de\/#website\",\"url\":\"https:\/\/www.vacanzericci.it\/de\/\",\"name\":\"Appartamenti Vacanze Ricci\",\"description\":\"Marina di Campo, Isola d&#039;Elba\",\"publisher\":{\"@id\":\"https:\/\/www.vacanzericci.it\/de\/#organization\"},\"potentialAction\":[{\"@type\":\"SearchAction\",\"target\":{\"@type\":\"EntryPoint\",\"urlTemplate\":\"https:\/\/www.vacanzericci.it\/de\/?s={search_term_string}\"},\"query-input\":\"required name=search_term_string\"}],\"inLanguage\":\"de-DE\"},{\"@type\":\"Organization\",\"@id\":\"https:\/\/www.vacanzericci.it\/de\/#organization\",\"name\":\"Appartamenti Vacanze Ricci\",\"url\":\"https:\/\/www.vacanzericci.it\/de\/\",\"logo\":{\"@type\":\"ImageObject\",\"inLanguage\":\"de-DE\",\"@id\":\"https:\/\/www.vacanzericci.it\/de\/#\/schema\/logo\/image\/\",\"url\":\"https:\/\/www.vacanzericci.it\/wp-content\/uploads\/appartamenti_vacanze_ricci_verticale_b.png\",\"contentUrl\":\"https:\/\/www.vacanzericci.it\/wp-content\/uploads\/appartamenti_vacanze_ricci_verticale_b.png\",\"width\":800,\"height\":345,\"caption\":\"Appartamenti Vacanze Ricci\"},\"image\":{\"@id\":\"https:\/\/www.vacanzericci.it\/de\/#\/schema\/logo\/image\/\"}}]}<\/script>\n<!-- \/ Yoast SEO plugin. -->","yoast_head_json":{"title":"Buchung - Ferienwohnung - Marina di Campo, Insel Elba","robots":{"index":"index","follow":"follow","max-snippet":"max-snippet:-1","max-image-preview":"max-image-preview:large","max-video-preview":"max-video-preview:-1"},"canonical":"https:\/\/www.vacanzericci.it\/de\/buchung\/","og_locale":"de_DE","og_type":"article","og_title":"Buchung - Ferienwohnung - Marina di Campo, Insel Elba","og_description":"[vc_row css=&#8220;.vc_custom_1559296470608{padding-bottom: 0px !important;}&#8220;][vc_column][vc_column_text]Wenn Sie dieses Formular ausf\u00fcllen, wird Ihre Buchungs-Anfrage abgesendet. Wir antworten so schnell wie m\u00f6glich mit dem best m\u00f6glichen Preis in dem gew\u00fcnschten Zeitraum. Die Felder mit dem * &#8222;Stern&#8220; sind unbedingt auszuf\u00fcllen.[\/vc_column_text][\/vc_column][\/vc_row][vc_row full_width=&#8220;stretch_row&#8220; content_placement=&#8220;top&#8220; css=&#8220;.vc_custom_1559633051781{padding-top: 0px !important;}&#8220;][vc_column width=&#8220;2\/3&#8243;][\/vc_column][vc_column width=&#8220;1\/3&#8243; el_class=&#8220;pl-lg-5&#8243; css=&#8220;.vc_custom_1559296255289{background-image: url(https:\/\/www.vacanzericci.it\/wp-content\/uploads\/contact-map.png?id=6536) !important;background-position: center !important;background-repeat: no-repeat !important;background-size: contain !important;}&#8220;][vc_row_inner css=&#8220;.vc_custom_1675933083408{margin-bottom: 20px","og_url":"https:\/\/www.vacanzericci.it\/de\/buchung\/","og_site_name":"Appartamenti Vacanze Ricci","article_modified_time":"2025-03-12T14:46:26+00:00","twitter_card":"summary_large_image","twitter_misc":{"Gesch\u00e4tzte Lesezeit":"2 Minuten"},"schema":{"@context":"https:\/\/schema.org","@graph":[{"@type":"WebPage","@id":"https:\/\/www.vacanzericci.it\/de\/buchung\/","url":"https:\/\/www.vacanzericci.it\/de\/buchung\/","name":"Buchung - Ferienwohnung - Marina di Campo, Insel Elba","isPartOf":{"@id":"https:\/\/www.vacanzericci.it\/de\/#website"},"datePublished":"2019-05-31T09:38:24+00:00","dateModified":"2025-03-12T14:46:26+00:00","breadcrumb":{"@id":"https:\/\/www.vacanzericci.it\/de\/buchung\/#breadcrumb"},"inLanguage":"de-DE","potentialAction":[{"@type":"ReadAction","target":["https:\/\/www.vacanzericci.it\/de\/buchung\/"]}]},{"@type":"BreadcrumbList","@id":"https:\/\/www.vacanzericci.it\/de\/buchung\/#breadcrumb","itemListElement":[{"@type":"ListItem","position":1,"name":"Home","item":"https:\/\/www.vacanzericci.it\/de\/"},{"@type":"ListItem","position":2,"name":"Buchung"}]},{"@type":"WebSite","@id":"https:\/\/www.vacanzericci.it\/de\/#website","url":"https:\/\/www.vacanzericci.it\/de\/","name":"Appartamenti Vacanze Ricci","description":"Marina di Campo, Isola d&#039;Elba","publisher":{"@id":"https:\/\/www.vacanzericci.it\/de\/#organization"},"potentialAction":[{"@type":"SearchAction","target":{"@type":"EntryPoint","urlTemplate":"https:\/\/www.vacanzericci.it\/de\/?s={search_term_string}"},"query-input":"required name=search_term_string"}],"inLanguage":"de-DE"},{"@type":"Organization","@id":"https:\/\/www.vacanzericci.it\/de\/#organization","name":"Appartamenti Vacanze Ricci","url":"https:\/\/www.vacanzericci.it\/de\/","logo":{"@type":"ImageObject","inLanguage":"de-DE","@id":"https:\/\/www.vacanzericci.it\/de\/#\/schema\/logo\/image\/","url":"https:\/\/www.vacanzericci.it\/wp-content\/uploads\/appartamenti_vacanze_ricci_verticale_b.png","contentUrl":"https:\/\/www.vacanzericci.it\/wp-content\/uploads\/appartamenti_vacanze_ricci_verticale_b.png","width":800,"height":345,"caption":"Appartamenti Vacanze Ricci"},"image":{"@id":"https:\/\/www.vacanzericci.it\/de\/#\/schema\/logo\/image\/"}}]}},"_links":{"self":[{"href":"https:\/\/www.vacanzericci.it\/de\/wp-json\/wp\/v2\/pages\/8064"}],"collection":[{"href":"https:\/\/www.vacanzericci.it\/de\/wp-json\/wp\/v2\/pages"}],"about":[{"href":"https:\/\/www.vacanzericci.it\/de\/wp-json\/wp\/v2\/types\/page"}],"author":[{"embeddable":true,"href":"https:\/\/www.vacanzericci.it\/de\/wp-json\/wp\/v2\/users\/1"}],"replies":[{"embeddable":true,"href":"https:\/\/www.vacanzericci.it\/de\/wp-json\/wp\/v2\/comments?post=8064"}],"version-history":[{"count":9,"href":"https:\/\/www.vacanzericci.it\/de\/wp-json\/wp\/v2\/pages\/8064\/revisions"}],"predecessor-version":[{"id":8280,"href":"https:\/\/www.vacanzericci.it\/de\/wp-json\/wp\/v2\/pages\/8064\/revisions\/8280"}],"wp:attachment":[{"href":"https:\/\/www.vacanzericci.it\/de\/wp-json\/wp\/v2\/media?parent=8064"}],"curies":[{"name":"wp","href":"https:\/\/api.w.org\/{rel}","templated":true}]}}