{"id":8047,"date":"2019-05-30T16:52:29","date_gmt":"2019-05-30T14:52:29","guid":{"rendered":"https:\/\/www.vacanzericci.it\/lage\/marina-di-campo\/"},"modified":"2019-06-18T11:01:25","modified_gmt":"2019-06-18T09:01:25","slug":"marina-di-campo","status":"publish","type":"page","link":"https:\/\/www.vacanzericci.it\/de\/lage\/marina-di-campo\/","title":{"rendered":"Marina di Campo"},"content":{"rendered":"<div class=\"wpb-content-wrapper\"><p>[vc_row][vc_column]<div class=\"section-title-wrapper shortcode-rand-1 gintol-inline-css\" data-css=\"&quot;.shortcode-rand-1 .background-title { font-family:Abril Fatface;font-weight:400;font-style:normal }.shortcode-rand-1 .section-title { text-transform: none; }&quot;\"><div class=\"title-wrap\"><h3 class=\"section-title\">Marina di Campo<\/h3><\/div><!-- .title-wrap --><div class=\"section-description\"><\/div><!-- .section-description --><div class=\"button-section\"><\/div><!-- .button-section --><\/div><!-- .section-title-wrapper -->[vc_column_text]<strong>Marina di Campo<\/strong> ist ein Touristisches Dorf auf der <strong>Insel Elba<\/strong>. Es ist bekannt f\u00fcr den breiten Sandstrand, f\u00fcr die vielen touristischen Dienstleistungen und die romantische Promenade.<\/p>\n<p>Das Dorf von Marina di Campo, bietet den Touristen viele Gesch\u00e4fte, wo man Geschenkartikel und Andenken einkaufen kann. Auf der Insel Elba gibt es nicht nur Badetouristen, sondern auch jene die kommen um zu Wandern in der unber\u00fchrten Natur mit dem Wundersch\u00f6nen Ausblick, ausserdem ist die Insel Elba sehr bekannt bei den Mountainbikern. F\u00fcr diejenigen die die Insel Elba schon kennen, gibt es Tagesausfl\u00fcge auf die umliegenden Inseln.<\/p>\n<p>Marina di Campo geh\u00f6rt zur Gemeinde <strong>Campo nell&#8217;Elba<\/strong>. Es gibt drei Banken mit Geldautomaten, eine Post, einen Arzt f\u00fcr Touristen, eine Ambulanz, eine Apotheke, Superm\u00e4rkte und Restaurants, in denen Sie die gute K\u00fcche Elbas geniessen k\u00f6nnen.<\/p>\n<p>Zur Geimeinde Campo nell&#8217;Elba z\u00e4hlen auch kleinere D\u00f6rfer auf den H\u00fcgeln wie S. Piero und Sant&#8217;Ilario, von denen Sie einen wundersch\u00f6nen Ausblick geniessen k\u00f6nnen. Ausserdem befinden sich die sch\u00f6nsten Str\u00e4nde in unserer Gemeinde, wie Cavoli, Seccheto und Fetovaia.[\/vc_column_text][\/vc_column][\/vc_row]<\/p>\n<\/div>","protected":false},"excerpt":{"rendered":"<p>[vc_row][vc_column][vc_column_text]Marina di Campo ist ein Touristisches Dorf auf der Insel Elba. Es ist bekannt f\u00fcr den breiten Sandstrand, f\u00fcr die vielen touristischen Dienstleistungen und die romantische Promenade. Das Dorf von Marina di Campo, bietet den Touristen viele Gesch\u00e4fte, wo man Geschenkartikel und Andenken einkaufen kann. Auf der Insel Elba gibt es nicht nur Badetouristen, sondern<\/p>\n","protected":false},"author":1,"featured_media":0,"parent":8033,"menu_order":1,"comment_status":"closed","ping_status":"closed","template":"","meta":{"footnotes":""},"yoast_head":"<!-- This site is optimized with the Yoast SEO plugin v23.0 - https:\/\/yoast.com\/wordpress\/plugins\/seo\/ -->\n<title>Marina di Campo, Insel Elba - Ferienwohnungen Ricci<\/title>\n<meta name=\"description\" content=\"Marina di Campo ist ein Touristisches Dorf auf der Insel Elba. Es ist bekannt f\u00fcr den breiten Sandstrand, f\u00fcr die vielen touristischen Dienstleistungen und die romantische Promenade.\" \/>\n<meta name=\"robots\" content=\"index, follow, max-snippet:-1, max-image-preview:large, max-video-preview:-1\" \/>\n<link rel=\"canonical\" href=\"https:\/\/www.vacanzericci.it\/de\/lage\/marina-di-campo\/\" \/>\n<meta property=\"og:locale\" content=\"de_DE\" \/>\n<meta property=\"og:type\" content=\"article\" \/>\n<meta property=\"og:title\" content=\"Marina di Campo, Insel Elba - Ferienwohnungen Ricci\" \/>\n<meta property=\"og:description\" content=\"Marina di Campo ist ein Touristisches Dorf auf der Insel Elba. Es ist bekannt f\u00fcr den breiten Sandstrand, f\u00fcr die vielen touristischen Dienstleistungen und die romantische Promenade.\" \/>\n<meta property=\"og:url\" content=\"https:\/\/www.vacanzericci.it\/de\/lage\/marina-di-campo\/\" \/>\n<meta property=\"og:site_name\" content=\"Appartamenti Vacanze Ricci\" \/>\n<meta property=\"article:modified_time\" content=\"2019-06-18T09:01:25+00:00\" \/>\n<meta name=\"twitter:card\" content=\"summary_large_image\" \/>\n<meta name=\"twitter:label1\" content=\"Gesch\u00e4tzte Lesezeit\" \/>\n\t<meta name=\"twitter:data1\" content=\"1 Minute\" \/>\n<script type=\"application\/ld+json\" class=\"yoast-schema-graph\">{\"@context\":\"https:\/\/schema.org\",\"@graph\":[{\"@type\":\"WebPage\",\"@id\":\"https:\/\/www.vacanzericci.it\/de\/lage\/marina-di-campo\/\",\"url\":\"https:\/\/www.vacanzericci.it\/de\/lage\/marina-di-campo\/\",\"name\":\"Marina di Campo, Insel Elba - Ferienwohnungen Ricci\",\"isPartOf\":{\"@id\":\"https:\/\/www.vacanzericci.it\/de\/#website\"},\"datePublished\":\"2019-05-30T14:52:29+00:00\",\"dateModified\":\"2019-06-18T09:01:25+00:00\",\"description\":\"Marina di Campo ist ein Touristisches Dorf auf der Insel Elba. Es ist bekannt f\u00fcr den breiten Sandstrand, f\u00fcr die vielen touristischen Dienstleistungen und die romantische Promenade.\",\"breadcrumb\":{\"@id\":\"https:\/\/www.vacanzericci.it\/de\/lage\/marina-di-campo\/#breadcrumb\"},\"inLanguage\":\"de-DE\",\"potentialAction\":[{\"@type\":\"ReadAction\",\"target\":[\"https:\/\/www.vacanzericci.it\/de\/lage\/marina-di-campo\/\"]}]},{\"@type\":\"BreadcrumbList\",\"@id\":\"https:\/\/www.vacanzericci.it\/de\/lage\/marina-di-campo\/#breadcrumb\",\"itemListElement\":[{\"@type\":\"ListItem\",\"position\":1,\"name\":\"Home\",\"item\":\"https:\/\/www.vacanzericci.it\/de\/\"},{\"@type\":\"ListItem\",\"position\":2,\"name\":\"Lage\",\"item\":\"https:\/\/www.vacanzericci.it\/de\/lage\/\"},{\"@type\":\"ListItem\",\"position\":3,\"name\":\"Marina di Campo\"}]},{\"@type\":\"WebSite\",\"@id\":\"https:\/\/www.vacanzericci.it\/de\/#website\",\"url\":\"https:\/\/www.vacanzericci.it\/de\/\",\"name\":\"Appartamenti Vacanze Ricci\",\"description\":\"Marina di Campo, Isola d&#039;Elba\",\"publisher\":{\"@id\":\"https:\/\/www.vacanzericci.it\/de\/#organization\"},\"potentialAction\":[{\"@type\":\"SearchAction\",\"target\":{\"@type\":\"EntryPoint\",\"urlTemplate\":\"https:\/\/www.vacanzericci.it\/de\/?s={search_term_string}\"},\"query-input\":\"required name=search_term_string\"}],\"inLanguage\":\"de-DE\"},{\"@type\":\"Organization\",\"@id\":\"https:\/\/www.vacanzericci.it\/de\/#organization\",\"name\":\"Appartamenti Vacanze Ricci\",\"url\":\"https:\/\/www.vacanzericci.it\/de\/\",\"logo\":{\"@type\":\"ImageObject\",\"inLanguage\":\"de-DE\",\"@id\":\"https:\/\/www.vacanzericci.it\/de\/#\/schema\/logo\/image\/\",\"url\":\"https:\/\/www.vacanzericci.it\/wp-content\/uploads\/appartamenti_vacanze_ricci_verticale_b.png\",\"contentUrl\":\"https:\/\/www.vacanzericci.it\/wp-content\/uploads\/appartamenti_vacanze_ricci_verticale_b.png\",\"width\":800,\"height\":345,\"caption\":\"Appartamenti Vacanze Ricci\"},\"image\":{\"@id\":\"https:\/\/www.vacanzericci.it\/de\/#\/schema\/logo\/image\/\"}}]}<\/script>\n<!-- \/ Yoast SEO plugin. -->","yoast_head_json":{"title":"Marina di Campo, Insel Elba - Ferienwohnungen Ricci","description":"Marina di Campo ist ein Touristisches Dorf auf der Insel Elba. Es ist bekannt f\u00fcr den breiten Sandstrand, f\u00fcr die vielen touristischen Dienstleistungen und die romantische Promenade.","robots":{"index":"index","follow":"follow","max-snippet":"max-snippet:-1","max-image-preview":"max-image-preview:large","max-video-preview":"max-video-preview:-1"},"canonical":"https:\/\/www.vacanzericci.it\/de\/lage\/marina-di-campo\/","og_locale":"de_DE","og_type":"article","og_title":"Marina di Campo, Insel Elba - Ferienwohnungen Ricci","og_description":"Marina di Campo ist ein Touristisches Dorf auf der Insel Elba. Es ist bekannt f\u00fcr den breiten Sandstrand, f\u00fcr die vielen touristischen Dienstleistungen und die romantische Promenade.","og_url":"https:\/\/www.vacanzericci.it\/de\/lage\/marina-di-campo\/","og_site_name":"Appartamenti Vacanze Ricci","article_modified_time":"2019-06-18T09:01:25+00:00","twitter_card":"summary_large_image","twitter_misc":{"Gesch\u00e4tzte Lesezeit":"1 Minute"},"schema":{"@context":"https:\/\/schema.org","@graph":[{"@type":"WebPage","@id":"https:\/\/www.vacanzericci.it\/de\/lage\/marina-di-campo\/","url":"https:\/\/www.vacanzericci.it\/de\/lage\/marina-di-campo\/","name":"Marina di Campo, Insel Elba - Ferienwohnungen Ricci","isPartOf":{"@id":"https:\/\/www.vacanzericci.it\/de\/#website"},"datePublished":"2019-05-30T14:52:29+00:00","dateModified":"2019-06-18T09:01:25+00:00","description":"Marina di Campo ist ein Touristisches Dorf auf der Insel Elba. Es ist bekannt f\u00fcr den breiten Sandstrand, f\u00fcr die vielen touristischen Dienstleistungen und die romantische Promenade.","breadcrumb":{"@id":"https:\/\/www.vacanzericci.it\/de\/lage\/marina-di-campo\/#breadcrumb"},"inLanguage":"de-DE","potentialAction":[{"@type":"ReadAction","target":["https:\/\/www.vacanzericci.it\/de\/lage\/marina-di-campo\/"]}]},{"@type":"BreadcrumbList","@id":"https:\/\/www.vacanzericci.it\/de\/lage\/marina-di-campo\/#breadcrumb","itemListElement":[{"@type":"ListItem","position":1,"name":"Home","item":"https:\/\/www.vacanzericci.it\/de\/"},{"@type":"ListItem","position":2,"name":"Lage","item":"https:\/\/www.vacanzericci.it\/de\/lage\/"},{"@type":"ListItem","position":3,"name":"Marina di Campo"}]},{"@type":"WebSite","@id":"https:\/\/www.vacanzericci.it\/de\/#website","url":"https:\/\/www.vacanzericci.it\/de\/","name":"Appartamenti Vacanze Ricci","description":"Marina di Campo, Isola d&#039;Elba","publisher":{"@id":"https:\/\/www.vacanzericci.it\/de\/#organization"},"potentialAction":[{"@type":"SearchAction","target":{"@type":"EntryPoint","urlTemplate":"https:\/\/www.vacanzericci.it\/de\/?s={search_term_string}"},"query-input":"required name=search_term_string"}],"inLanguage":"de-DE"},{"@type":"Organization","@id":"https:\/\/www.vacanzericci.it\/de\/#organization","name":"Appartamenti Vacanze Ricci","url":"https:\/\/www.vacanzericci.it\/de\/","logo":{"@type":"ImageObject","inLanguage":"de-DE","@id":"https:\/\/www.vacanzericci.it\/de\/#\/schema\/logo\/image\/","url":"https:\/\/www.vacanzericci.it\/wp-content\/uploads\/appartamenti_vacanze_ricci_verticale_b.png","contentUrl":"https:\/\/www.vacanzericci.it\/wp-content\/uploads\/appartamenti_vacanze_ricci_verticale_b.png","width":800,"height":345,"caption":"Appartamenti Vacanze Ricci"},"image":{"@id":"https:\/\/www.vacanzericci.it\/de\/#\/schema\/logo\/image\/"}}]}},"_links":{"self":[{"href":"https:\/\/www.vacanzericci.it\/de\/wp-json\/wp\/v2\/pages\/8047"}],"collection":[{"href":"https:\/\/www.vacanzericci.it\/de\/wp-json\/wp\/v2\/pages"}],"about":[{"href":"https:\/\/www.vacanzericci.it\/de\/wp-json\/wp\/v2\/types\/page"}],"author":[{"embeddable":true,"href":"https:\/\/www.vacanzericci.it\/de\/wp-json\/wp\/v2\/users\/1"}],"replies":[{"embeddable":true,"href":"https:\/\/www.vacanzericci.it\/de\/wp-json\/wp\/v2\/comments?post=8047"}],"version-history":[{"count":2,"href":"https:\/\/www.vacanzericci.it\/de\/wp-json\/wp\/v2\/pages\/8047\/revisions"}],"predecessor-version":[{"id":8049,"href":"https:\/\/www.vacanzericci.it\/de\/wp-json\/wp\/v2\/pages\/8047\/revisions\/8049"}],"up":[{"embeddable":true,"href":"https:\/\/www.vacanzericci.it\/de\/wp-json\/wp\/v2\/pages\/8033"}],"wp:attachment":[{"href":"https:\/\/www.vacanzericci.it\/de\/wp-json\/wp\/v2\/media?parent=8047"}],"curies":[{"name":"wp","href":"https:\/\/api.w.org\/{rel}","templated":true}]}}