{"id":8033,"date":"2019-05-30T15:35:45","date_gmt":"2019-05-30T13:35:45","guid":{"rendered":"https:\/\/www.vacanzericci.it\/dove-siamo\/"},"modified":"2019-06-17T15:21:23","modified_gmt":"2019-06-17T13:21:23","slug":"lage","status":"publish","type":"page","link":"https:\/\/www.vacanzericci.it\/de\/lage\/","title":{"rendered":"Lage"},"content":{"rendered":"<div class=\"wpb-content-wrapper\"><p>[vc_row][vc_column]<div class=\"section-title-wrapper shortcode-rand-1 gintol-inline-css\" data-css=\"&quot;.shortcode-rand-1 .background-title { font-family:Abril Fatface;font-weight:400;font-style:normal }.shortcode-rand-1 .section-title { text-transform: none; }&quot;\"><div class=\"title-wrap\"><h3 class=\"section-title\">Lage<\/h3><\/div><!-- .title-wrap --><div class=\"section-description\"><\/div><!-- .section-description --><div class=\"button-section\"><\/div><!-- .button-section --><\/div><!-- .section-title-wrapper -->[vc_column_text]Die Ferienwohnungen Vacanze Ricci zu erreichen ist sehr einfach. Nachdem Sie <strong>in Portoferraio mit der F\u00e4hre angekommen<\/strong> sind, folgen Sie der Hauptstrasse <strong>in Richtung Marina di Campo<\/strong>, nach dem Golf von Biodola, kommen Sie auf Procchio, wo Sie um in Richtung Marina di Campo zu fahren nach links abbiegen m\u00fcssen. Nach der Ortschaft La Pia biegen Sie am Kreisverkehr Richtung Lacona ab. Nach ca. 500 m sehen Sie auf der linken Seite das Piccolo Hotel Versilia. Biegen Sie zwischen diesem Hotel und der Br\u00fccke La Foce nach links ab. Nach ca. 300 m sehen Sie unsere Ferienwohnungen auf der linken Seite.[\/vc_column_text]<div class=\"google-map-wrapper\" data-css=\"&quot;&quot;\"><div class=\"gintolgmap\" style=\"width:100%;height:400px;\" data-map-style=\"standard\" data-multi-map=\"true\" data-maps=\"[{&quot;map_latitude&quot;:&quot;42.754634&quot;,&quot;map_longitude&quot;:&quot;10.241445&quot;,&quot;map_info_opt&quot;:&quot;on&quot;,&quot;map_info_title&quot;:&quot;Appartamenti Vacanze Ricci&quot;,&quot;map_info_address&quot;:&quot;Via dell&#039;Acquedotto, 696\\n57034 - Campo nell&#039;Elba (LI)&quot;}]\" data-wheel=\"false\" data-zoom=\"13\" data-custom-style=\"[]\"><\/div><\/div><!-- .google-map-wrapper -->[vc_column_text css=&#8220;.vc_custom_1560778053075{margin-top: 35px !important;}&#8220;]Die Ferienwohnungen Ricci befinden sich nicht weit von Marina di Campo entfernt. In einer ruhigen Lage, <strong>ca. 500 m vom Sandstrand von Marina di Campo<\/strong>, welcher mit den Fahrr\u00e4dern, die nur f\u00fcr unsere G\u00e4ste sind, schnell und gut erreichbar ist. Marina di Campo ist ebenfalls gut mit dem Fahrrad erreichbar auf dem Fahrradweg. Dort finden Sie viele Gesch\u00e4fte, Restaurants und Touristische Einrichtungen.<\/p>\n<p>Die Ferienwohnungen liegen jedoch n\u00e4her an <strong>La Foce<\/strong>, wo Sie auch Restaurants und Pizzerien finden. Ausserdem gibt es am Strand viele Badeanstalten die Sonnenschirme und Liegen vermieten. F\u00fcr Diejenigen die die sch\u00f6nen Buchten der Insel Elba vom Meer aus betrachten m\u00f6chten gibt es in La Foce Boote zu mieten. Diese kann man ohne Bootsschein fahren.[\/vc_column_text][\/vc_column][\/vc_row]<\/p>\n<\/div>","protected":false},"excerpt":{"rendered":"<p>[vc_row][vc_column][vc_column_text]Die Ferienwohnungen Vacanze Ricci zu erreichen ist sehr einfach. Nachdem Sie in Portoferraio mit der F\u00e4hre angekommen sind, folgen Sie der Hauptstrasse in Richtung Marina di Campo, nach dem Golf von Biodola, kommen Sie auf Procchio, wo Sie um in Richtung Marina di Campo zu fahren nach links abbiegen m\u00fcssen. Nach der Ortschaft La Pia<\/p>\n","protected":false},"author":1,"featured_media":0,"parent":0,"menu_order":3,"comment_status":"closed","ping_status":"closed","template":"","meta":{"footnotes":""},"yoast_head":"<!-- This site is optimized with the Yoast SEO plugin v23.0 - https:\/\/yoast.com\/wordpress\/plugins\/seo\/ -->\n<title>Lage - Ferienwohnungen Ricci - Marina di Campo, Insel Elba<\/title>\n<meta name=\"description\" content=\"Die Ferienwohnungen Ricci befinden sich nicht weit von Marina di Campo entfernt. In einer ruhigen Lage, ca. 500 m vom Sandstrand von Marina di Campo.\" \/>\n<meta name=\"robots\" content=\"index, follow, max-snippet:-1, max-image-preview:large, max-video-preview:-1\" \/>\n<link rel=\"canonical\" href=\"https:\/\/www.vacanzericci.it\/de\/lage\/\" \/>\n<meta property=\"og:locale\" content=\"de_DE\" \/>\n<meta property=\"og:type\" content=\"article\" \/>\n<meta property=\"og:title\" content=\"Lage - Ferienwohnungen Ricci - Marina di Campo, Insel Elba\" \/>\n<meta property=\"og:description\" content=\"Die Ferienwohnungen Ricci befinden sich nicht weit von Marina di Campo entfernt. In einer ruhigen Lage, ca. 500 m vom Sandstrand von Marina di Campo.\" \/>\n<meta property=\"og:url\" content=\"https:\/\/www.vacanzericci.it\/de\/lage\/\" \/>\n<meta property=\"og:site_name\" content=\"Appartamenti Vacanze Ricci\" \/>\n<meta property=\"article:modified_time\" content=\"2019-06-17T13:21:23+00:00\" \/>\n<meta name=\"twitter:card\" content=\"summary_large_image\" \/>\n<meta name=\"twitter:label1\" content=\"Gesch\u00e4tzte Lesezeit\" \/>\n\t<meta name=\"twitter:data1\" content=\"2 Minuten\" \/>\n<script type=\"application\/ld+json\" class=\"yoast-schema-graph\">{\"@context\":\"https:\/\/schema.org\",\"@graph\":[{\"@type\":\"WebPage\",\"@id\":\"https:\/\/www.vacanzericci.it\/de\/lage\/\",\"url\":\"https:\/\/www.vacanzericci.it\/de\/lage\/\",\"name\":\"Lage - Ferienwohnungen Ricci - Marina di Campo, Insel Elba\",\"isPartOf\":{\"@id\":\"https:\/\/www.vacanzericci.it\/de\/#website\"},\"datePublished\":\"2019-05-30T13:35:45+00:00\",\"dateModified\":\"2019-06-17T13:21:23+00:00\",\"description\":\"Die Ferienwohnungen Ricci befinden sich nicht weit von Marina di Campo entfernt. In einer ruhigen Lage, ca. 500 m vom Sandstrand von Marina di Campo.\",\"breadcrumb\":{\"@id\":\"https:\/\/www.vacanzericci.it\/de\/lage\/#breadcrumb\"},\"inLanguage\":\"de-DE\",\"potentialAction\":[{\"@type\":\"ReadAction\",\"target\":[\"https:\/\/www.vacanzericci.it\/de\/lage\/\"]}]},{\"@type\":\"BreadcrumbList\",\"@id\":\"https:\/\/www.vacanzericci.it\/de\/lage\/#breadcrumb\",\"itemListElement\":[{\"@type\":\"ListItem\",\"position\":1,\"name\":\"Home\",\"item\":\"https:\/\/www.vacanzericci.it\/de\/\"},{\"@type\":\"ListItem\",\"position\":2,\"name\":\"Lage\"}]},{\"@type\":\"WebSite\",\"@id\":\"https:\/\/www.vacanzericci.it\/de\/#website\",\"url\":\"https:\/\/www.vacanzericci.it\/de\/\",\"name\":\"Appartamenti Vacanze Ricci\",\"description\":\"Marina di Campo, Isola d&#039;Elba\",\"publisher\":{\"@id\":\"https:\/\/www.vacanzericci.it\/de\/#organization\"},\"potentialAction\":[{\"@type\":\"SearchAction\",\"target\":{\"@type\":\"EntryPoint\",\"urlTemplate\":\"https:\/\/www.vacanzericci.it\/de\/?s={search_term_string}\"},\"query-input\":\"required name=search_term_string\"}],\"inLanguage\":\"de-DE\"},{\"@type\":\"Organization\",\"@id\":\"https:\/\/www.vacanzericci.it\/de\/#organization\",\"name\":\"Appartamenti Vacanze Ricci\",\"url\":\"https:\/\/www.vacanzericci.it\/de\/\",\"logo\":{\"@type\":\"ImageObject\",\"inLanguage\":\"de-DE\",\"@id\":\"https:\/\/www.vacanzericci.it\/de\/#\/schema\/logo\/image\/\",\"url\":\"https:\/\/www.vacanzericci.it\/wp-content\/uploads\/appartamenti_vacanze_ricci_verticale_b.png\",\"contentUrl\":\"https:\/\/www.vacanzericci.it\/wp-content\/uploads\/appartamenti_vacanze_ricci_verticale_b.png\",\"width\":800,\"height\":345,\"caption\":\"Appartamenti Vacanze Ricci\"},\"image\":{\"@id\":\"https:\/\/www.vacanzericci.it\/de\/#\/schema\/logo\/image\/\"}}]}<\/script>\n<!-- \/ Yoast SEO plugin. -->","yoast_head_json":{"title":"Lage - Ferienwohnungen Ricci - Marina di Campo, Insel Elba","description":"Die Ferienwohnungen Ricci befinden sich nicht weit von Marina di Campo entfernt. In einer ruhigen Lage, ca. 500 m vom Sandstrand von Marina di Campo.","robots":{"index":"index","follow":"follow","max-snippet":"max-snippet:-1","max-image-preview":"max-image-preview:large","max-video-preview":"max-video-preview:-1"},"canonical":"https:\/\/www.vacanzericci.it\/de\/lage\/","og_locale":"de_DE","og_type":"article","og_title":"Lage - Ferienwohnungen Ricci - Marina di Campo, Insel Elba","og_description":"Die Ferienwohnungen Ricci befinden sich nicht weit von Marina di Campo entfernt. In einer ruhigen Lage, ca. 500 m vom Sandstrand von Marina di Campo.","og_url":"https:\/\/www.vacanzericci.it\/de\/lage\/","og_site_name":"Appartamenti Vacanze Ricci","article_modified_time":"2019-06-17T13:21:23+00:00","twitter_card":"summary_large_image","twitter_misc":{"Gesch\u00e4tzte Lesezeit":"2 Minuten"},"schema":{"@context":"https:\/\/schema.org","@graph":[{"@type":"WebPage","@id":"https:\/\/www.vacanzericci.it\/de\/lage\/","url":"https:\/\/www.vacanzericci.it\/de\/lage\/","name":"Lage - Ferienwohnungen Ricci - Marina di Campo, Insel Elba","isPartOf":{"@id":"https:\/\/www.vacanzericci.it\/de\/#website"},"datePublished":"2019-05-30T13:35:45+00:00","dateModified":"2019-06-17T13:21:23+00:00","description":"Die Ferienwohnungen Ricci befinden sich nicht weit von Marina di Campo entfernt. In einer ruhigen Lage, ca. 500 m vom Sandstrand von Marina di Campo.","breadcrumb":{"@id":"https:\/\/www.vacanzericci.it\/de\/lage\/#breadcrumb"},"inLanguage":"de-DE","potentialAction":[{"@type":"ReadAction","target":["https:\/\/www.vacanzericci.it\/de\/lage\/"]}]},{"@type":"BreadcrumbList","@id":"https:\/\/www.vacanzericci.it\/de\/lage\/#breadcrumb","itemListElement":[{"@type":"ListItem","position":1,"name":"Home","item":"https:\/\/www.vacanzericci.it\/de\/"},{"@type":"ListItem","position":2,"name":"Lage"}]},{"@type":"WebSite","@id":"https:\/\/www.vacanzericci.it\/de\/#website","url":"https:\/\/www.vacanzericci.it\/de\/","name":"Appartamenti Vacanze Ricci","description":"Marina di Campo, Isola d&#039;Elba","publisher":{"@id":"https:\/\/www.vacanzericci.it\/de\/#organization"},"potentialAction":[{"@type":"SearchAction","target":{"@type":"EntryPoint","urlTemplate":"https:\/\/www.vacanzericci.it\/de\/?s={search_term_string}"},"query-input":"required name=search_term_string"}],"inLanguage":"de-DE"},{"@type":"Organization","@id":"https:\/\/www.vacanzericci.it\/de\/#organization","name":"Appartamenti Vacanze Ricci","url":"https:\/\/www.vacanzericci.it\/de\/","logo":{"@type":"ImageObject","inLanguage":"de-DE","@id":"https:\/\/www.vacanzericci.it\/de\/#\/schema\/logo\/image\/","url":"https:\/\/www.vacanzericci.it\/wp-content\/uploads\/appartamenti_vacanze_ricci_verticale_b.png","contentUrl":"https:\/\/www.vacanzericci.it\/wp-content\/uploads\/appartamenti_vacanze_ricci_verticale_b.png","width":800,"height":345,"caption":"Appartamenti Vacanze Ricci"},"image":{"@id":"https:\/\/www.vacanzericci.it\/de\/#\/schema\/logo\/image\/"}}]}},"_links":{"self":[{"href":"https:\/\/www.vacanzericci.it\/de\/wp-json\/wp\/v2\/pages\/8033"}],"collection":[{"href":"https:\/\/www.vacanzericci.it\/de\/wp-json\/wp\/v2\/pages"}],"about":[{"href":"https:\/\/www.vacanzericci.it\/de\/wp-json\/wp\/v2\/types\/page"}],"author":[{"embeddable":true,"href":"https:\/\/www.vacanzericci.it\/de\/wp-json\/wp\/v2\/users\/1"}],"replies":[{"embeddable":true,"href":"https:\/\/www.vacanzericci.it\/de\/wp-json\/wp\/v2\/comments?post=8033"}],"version-history":[{"count":2,"href":"https:\/\/www.vacanzericci.it\/de\/wp-json\/wp\/v2\/pages\/8033\/revisions"}],"predecessor-version":[{"id":8035,"href":"https:\/\/www.vacanzericci.it\/de\/wp-json\/wp\/v2\/pages\/8033\/revisions\/8035"}],"wp:attachment":[{"href":"https:\/\/www.vacanzericci.it\/de\/wp-json\/wp\/v2\/media?parent=8033"}],"curies":[{"name":"wp","href":"https:\/\/api.w.org\/{rel}","templated":true}]}}