{"id":8010,"date":"2019-05-31T09:32:55","date_gmt":"2019-05-31T07:32:55","guid":{"rendered":"https:\/\/www.vacanzericci.it\/wohnungen\/villetta\/"},"modified":"2019-06-17T14:31:12","modified_gmt":"2019-06-17T12:31:12","slug":"kleine-villa","status":"publish","type":"page","link":"https:\/\/www.vacanzericci.it\/de\/wohnungen\/kleine-villa\/","title":{"rendered":"Kleine Villa"},"content":{"rendered":"<div class=\"wpb-content-wrapper\"><p>[vc_row][vc_column]<div class=\"section-title-wrapper shortcode-rand-1 gintol-inline-css\" data-css=\"&quot;.shortcode-rand-1 .background-title { font-family:Abril Fatface;font-weight:400;font-style:normal }.shortcode-rand-1 .section-title { text-transform: none; }&quot;\"><div class=\"title-wrap\"><h3 class=\"section-title\">Kleine Villa<\/h3><\/div><!-- .title-wrap --><div class=\"section-description\"><\/div><!-- .section-description --><div class=\"button-section\"><\/div><!-- .button-section --><\/div><!-- .section-title-wrapper -->[vc_column_text]Die charmante freistehende Villa bietet Platz f\u00fcr bis zu 6 Personen. Das Haus besteht aus einem grossen Wohnzimmer mit Doppelschlafcouch, K\u00fcche, Schlafzimmer, Schlafzimmer mit Etagenbett. Badezimmer mit Dusche. Draussen hat es eine grosse, bequeme \u00fcberdachte Terrasse mit Tisch und St\u00fchlen ausgestattet ideal f\u00fcr Mahlzeiten im Freien.<\/p>\n<p><strong>Services<\/strong>: TV, Waschmaschine, \u00fcberdachter Parkplatz, zwei Liegest\u00fchle, Grill, zwei Fahrr\u00e4der, Aussenbeleuchtung.[\/vc_column_text][vc_masonry_media_grid gap=&#8220;10&#8243; item=&#8220;masonryMedia_ScaleWithRotationLight&#8220; grid_id=&#8220;vc_gid:1560774894172-7a2fcec0-3205-7&#8243; include=&#8220;7715,7718,7721&#8243;][\/vc_column][\/vc_row]<\/p>\n<\/div>","protected":false},"excerpt":{"rendered":"<p>[vc_row][vc_column][vc_column_text]Die charmante freistehende Villa bietet Platz f\u00fcr bis zu 6 Personen. Das Haus besteht aus einem grossen Wohnzimmer mit Doppelschlafcouch, K\u00fcche, Schlafzimmer, Schlafzimmer mit Etagenbett. Badezimmer mit Dusche. Draussen hat es eine grosse, bequeme \u00fcberdachte Terrasse mit Tisch und St\u00fchlen ausgestattet ideal f\u00fcr Mahlzeiten im Freien. Services: TV, Waschmaschine, \u00fcberdachter Parkplatz, zwei Liegest\u00fchle, Grill, zwei<\/p>\n","protected":false},"author":1,"featured_media":0,"parent":7970,"menu_order":4,"comment_status":"closed","ping_status":"closed","template":"","meta":{"footnotes":""},"yoast_head":"<!-- This site is optimized with the Yoast SEO plugin v23.0 - https:\/\/yoast.com\/wordpress\/plugins\/seo\/ -->\n<title>Kleine Villa - Wohnungen Ricci - Marina di Campo, Insel Elba<\/title>\n<meta name=\"description\" content=\"Die charmante freistehende Villa bietet Platz f\u00fcr bis zu 6 Personen. Das Haus besteht aus einem grossen Wohnzimmer, K\u00fcche, 2 Schlafzimmer, Badezimmer.\" \/>\n<meta name=\"robots\" content=\"index, follow, max-snippet:-1, max-image-preview:large, max-video-preview:-1\" \/>\n<link rel=\"canonical\" href=\"https:\/\/www.vacanzericci.it\/de\/wohnungen\/kleine-villa\/\" \/>\n<meta property=\"og:locale\" content=\"de_DE\" \/>\n<meta property=\"og:type\" content=\"article\" \/>\n<meta property=\"og:title\" content=\"Kleine Villa - Wohnungen Ricci - Marina di Campo, Insel Elba\" \/>\n<meta property=\"og:description\" content=\"Die charmante freistehende Villa bietet Platz f\u00fcr bis zu 6 Personen. Das Haus besteht aus einem grossen Wohnzimmer, K\u00fcche, 2 Schlafzimmer, Badezimmer.\" \/>\n<meta property=\"og:url\" content=\"https:\/\/www.vacanzericci.it\/de\/wohnungen\/kleine-villa\/\" \/>\n<meta property=\"og:site_name\" content=\"Appartamenti Vacanze Ricci\" \/>\n<meta property=\"article:modified_time\" content=\"2019-06-17T12:31:12+00:00\" \/>\n<meta name=\"twitter:card\" content=\"summary_large_image\" \/>\n<meta name=\"twitter:label1\" content=\"Gesch\u00e4tzte Lesezeit\" \/>\n\t<meta name=\"twitter:data1\" content=\"1 Minute\" \/>\n<script type=\"application\/ld+json\" class=\"yoast-schema-graph\">{\"@context\":\"https:\/\/schema.org\",\"@graph\":[{\"@type\":\"WebPage\",\"@id\":\"https:\/\/www.vacanzericci.it\/de\/wohnungen\/kleine-villa\/\",\"url\":\"https:\/\/www.vacanzericci.it\/de\/wohnungen\/kleine-villa\/\",\"name\":\"Kleine Villa - Wohnungen Ricci - Marina di Campo, Insel Elba\",\"isPartOf\":{\"@id\":\"https:\/\/www.vacanzericci.it\/de\/#website\"},\"datePublished\":\"2019-05-31T07:32:55+00:00\",\"dateModified\":\"2019-06-17T12:31:12+00:00\",\"description\":\"Die charmante freistehende Villa bietet Platz f\u00fcr bis zu 6 Personen. Das Haus besteht aus einem grossen Wohnzimmer, K\u00fcche, 2 Schlafzimmer, Badezimmer.\",\"breadcrumb\":{\"@id\":\"https:\/\/www.vacanzericci.it\/de\/wohnungen\/kleine-villa\/#breadcrumb\"},\"inLanguage\":\"de-DE\",\"potentialAction\":[{\"@type\":\"ReadAction\",\"target\":[\"https:\/\/www.vacanzericci.it\/de\/wohnungen\/kleine-villa\/\"]}]},{\"@type\":\"BreadcrumbList\",\"@id\":\"https:\/\/www.vacanzericci.it\/de\/wohnungen\/kleine-villa\/#breadcrumb\",\"itemListElement\":[{\"@type\":\"ListItem\",\"position\":1,\"name\":\"Home\",\"item\":\"https:\/\/www.vacanzericci.it\/de\/\"},{\"@type\":\"ListItem\",\"position\":2,\"name\":\"Wohnungen\",\"item\":\"https:\/\/www.vacanzericci.it\/de\/wohnungen\/\"},{\"@type\":\"ListItem\",\"position\":3,\"name\":\"Kleine Villa\"}]},{\"@type\":\"WebSite\",\"@id\":\"https:\/\/www.vacanzericci.it\/de\/#website\",\"url\":\"https:\/\/www.vacanzericci.it\/de\/\",\"name\":\"Appartamenti Vacanze Ricci\",\"description\":\"Marina di Campo, Isola d&#039;Elba\",\"publisher\":{\"@id\":\"https:\/\/www.vacanzericci.it\/de\/#organization\"},\"potentialAction\":[{\"@type\":\"SearchAction\",\"target\":{\"@type\":\"EntryPoint\",\"urlTemplate\":\"https:\/\/www.vacanzericci.it\/de\/?s={search_term_string}\"},\"query-input\":\"required name=search_term_string\"}],\"inLanguage\":\"de-DE\"},{\"@type\":\"Organization\",\"@id\":\"https:\/\/www.vacanzericci.it\/de\/#organization\",\"name\":\"Appartamenti Vacanze Ricci\",\"url\":\"https:\/\/www.vacanzericci.it\/de\/\",\"logo\":{\"@type\":\"ImageObject\",\"inLanguage\":\"de-DE\",\"@id\":\"https:\/\/www.vacanzericci.it\/de\/#\/schema\/logo\/image\/\",\"url\":\"https:\/\/www.vacanzericci.it\/wp-content\/uploads\/appartamenti_vacanze_ricci_verticale_b.png\",\"contentUrl\":\"https:\/\/www.vacanzericci.it\/wp-content\/uploads\/appartamenti_vacanze_ricci_verticale_b.png\",\"width\":800,\"height\":345,\"caption\":\"Appartamenti Vacanze Ricci\"},\"image\":{\"@id\":\"https:\/\/www.vacanzericci.it\/de\/#\/schema\/logo\/image\/\"}}]}<\/script>\n<!-- \/ Yoast SEO plugin. -->","yoast_head_json":{"title":"Kleine Villa - Wohnungen Ricci - Marina di Campo, Insel Elba","description":"Die charmante freistehende Villa bietet Platz f\u00fcr bis zu 6 Personen. Das Haus besteht aus einem grossen Wohnzimmer, K\u00fcche, 2 Schlafzimmer, Badezimmer.","robots":{"index":"index","follow":"follow","max-snippet":"max-snippet:-1","max-image-preview":"max-image-preview:large","max-video-preview":"max-video-preview:-1"},"canonical":"https:\/\/www.vacanzericci.it\/de\/wohnungen\/kleine-villa\/","og_locale":"de_DE","og_type":"article","og_title":"Kleine Villa - Wohnungen Ricci - Marina di Campo, Insel Elba","og_description":"Die charmante freistehende Villa bietet Platz f\u00fcr bis zu 6 Personen. Das Haus besteht aus einem grossen Wohnzimmer, K\u00fcche, 2 Schlafzimmer, Badezimmer.","og_url":"https:\/\/www.vacanzericci.it\/de\/wohnungen\/kleine-villa\/","og_site_name":"Appartamenti Vacanze Ricci","article_modified_time":"2019-06-17T12:31:12+00:00","twitter_card":"summary_large_image","twitter_misc":{"Gesch\u00e4tzte Lesezeit":"1 Minute"},"schema":{"@context":"https:\/\/schema.org","@graph":[{"@type":"WebPage","@id":"https:\/\/www.vacanzericci.it\/de\/wohnungen\/kleine-villa\/","url":"https:\/\/www.vacanzericci.it\/de\/wohnungen\/kleine-villa\/","name":"Kleine Villa - Wohnungen Ricci - Marina di Campo, Insel Elba","isPartOf":{"@id":"https:\/\/www.vacanzericci.it\/de\/#website"},"datePublished":"2019-05-31T07:32:55+00:00","dateModified":"2019-06-17T12:31:12+00:00","description":"Die charmante freistehende Villa bietet Platz f\u00fcr bis zu 6 Personen. Das Haus besteht aus einem grossen Wohnzimmer, K\u00fcche, 2 Schlafzimmer, Badezimmer.","breadcrumb":{"@id":"https:\/\/www.vacanzericci.it\/de\/wohnungen\/kleine-villa\/#breadcrumb"},"inLanguage":"de-DE","potentialAction":[{"@type":"ReadAction","target":["https:\/\/www.vacanzericci.it\/de\/wohnungen\/kleine-villa\/"]}]},{"@type":"BreadcrumbList","@id":"https:\/\/www.vacanzericci.it\/de\/wohnungen\/kleine-villa\/#breadcrumb","itemListElement":[{"@type":"ListItem","position":1,"name":"Home","item":"https:\/\/www.vacanzericci.it\/de\/"},{"@type":"ListItem","position":2,"name":"Wohnungen","item":"https:\/\/www.vacanzericci.it\/de\/wohnungen\/"},{"@type":"ListItem","position":3,"name":"Kleine Villa"}]},{"@type":"WebSite","@id":"https:\/\/www.vacanzericci.it\/de\/#website","url":"https:\/\/www.vacanzericci.it\/de\/","name":"Appartamenti Vacanze Ricci","description":"Marina di Campo, Isola d&#039;Elba","publisher":{"@id":"https:\/\/www.vacanzericci.it\/de\/#organization"},"potentialAction":[{"@type":"SearchAction","target":{"@type":"EntryPoint","urlTemplate":"https:\/\/www.vacanzericci.it\/de\/?s={search_term_string}"},"query-input":"required name=search_term_string"}],"inLanguage":"de-DE"},{"@type":"Organization","@id":"https:\/\/www.vacanzericci.it\/de\/#organization","name":"Appartamenti Vacanze Ricci","url":"https:\/\/www.vacanzericci.it\/de\/","logo":{"@type":"ImageObject","inLanguage":"de-DE","@id":"https:\/\/www.vacanzericci.it\/de\/#\/schema\/logo\/image\/","url":"https:\/\/www.vacanzericci.it\/wp-content\/uploads\/appartamenti_vacanze_ricci_verticale_b.png","contentUrl":"https:\/\/www.vacanzericci.it\/wp-content\/uploads\/appartamenti_vacanze_ricci_verticale_b.png","width":800,"height":345,"caption":"Appartamenti Vacanze Ricci"},"image":{"@id":"https:\/\/www.vacanzericci.it\/de\/#\/schema\/logo\/image\/"}}]}},"_links":{"self":[{"href":"https:\/\/www.vacanzericci.it\/de\/wp-json\/wp\/v2\/pages\/8010"}],"collection":[{"href":"https:\/\/www.vacanzericci.it\/de\/wp-json\/wp\/v2\/pages"}],"about":[{"href":"https:\/\/www.vacanzericci.it\/de\/wp-json\/wp\/v2\/types\/page"}],"author":[{"embeddable":true,"href":"https:\/\/www.vacanzericci.it\/de\/wp-json\/wp\/v2\/users\/1"}],"replies":[{"embeddable":true,"href":"https:\/\/www.vacanzericci.it\/de\/wp-json\/wp\/v2\/comments?post=8010"}],"version-history":[{"count":2,"href":"https:\/\/www.vacanzericci.it\/de\/wp-json\/wp\/v2\/pages\/8010\/revisions"}],"predecessor-version":[{"id":8012,"href":"https:\/\/www.vacanzericci.it\/de\/wp-json\/wp\/v2\/pages\/8010\/revisions\/8012"}],"up":[{"embeddable":true,"href":"https:\/\/www.vacanzericci.it\/de\/wp-json\/wp\/v2\/pages\/7970"}],"wp:attachment":[{"href":"https:\/\/www.vacanzericci.it\/de\/wp-json\/wp\/v2\/media?parent=8010"}],"curies":[{"name":"wp","href":"https:\/\/api.w.org\/{rel}","templated":true}]}}