{"id":7986,"date":"2019-05-30T17:40:57","date_gmt":"2019-05-30T15:40:57","guid":{"rendered":"https:\/\/www.vacanzericci.it\/wohnungen\/bilocale-primo-piano\/"},"modified":"2025-03-12T16:16:22","modified_gmt":"2025-03-12T15:16:22","slug":"zwei-zimmer-wohnung-2","status":"publish","type":"page","link":"https:\/\/www.vacanzericci.it\/de\/wohnungen\/zwei-zimmer-wohnung-2\/","title":{"rendered":"Zwei-Zimmer-Wohnung 2"},"content":{"rendered":"<div class=\"wpb-content-wrapper\"><p>[vc_row][vc_column]<div class=\"section-title-wrapper shortcode-rand-1 gintol-inline-css\" data-css=\"&quot;.shortcode-rand-1 .background-title { font-family:Abril Fatface;font-weight:400;font-style:normal }.shortcode-rand-1 .section-title { text-transform: none; }&quot;\"><div class=\"title-wrap\"><h3 class=\"section-title\">Zwei-Zimmer-Wohnung 2<\/h3><\/div><!-- .title-wrap --><div class=\"section-description\"><\/div><!-- .section-description --><div class=\"button-section\"><\/div><!-- .button-section --><\/div><!-- .section-title-wrapper -->[vc_column_text css=&#8220;&#8220;]Die Zwei-Zimmer-Wohnung liegt im Erdgeschoss und hat eine Fl\u00e4che von 40m2. Sie besteht aus einem Schlafzimmer (Einzelbett), einem Wohnzimmer mit K\u00fcchenzeile, Schlafsofa und einem Badezimmer mit Dusche.<\/p>\n<p><strong>Services<\/strong>: TV, Waschmaschine, \u00fcberdachte Parkpl\u00e4tze, zwei Liegest\u00fchle, Grill, zwei Fahrr\u00e4der, Aussenbeleuchtung.[\/vc_column_text][vc_masonry_media_grid element_width=&#8220;3&#8243; gap=&#8220;10&#8243; item=&#8220;masonryMedia_ScaleWithRotationLight&#8220; css=&#8220;&#8220; grid_id=&#8220;vc_gid:1741792478124-8fd84c33-9b87-6&#8243; include=&#8220;7637,7646&#8243;][\/vc_column][\/vc_row]<\/p>\n<\/div>","protected":false},"excerpt":{"rendered":"<p>[vc_row][vc_column][vc_column_text css=&#8220;&#8220;]Die Zwei-Zimmer-Wohnung liegt im Erdgeschoss und hat eine Fl\u00e4che von 40m2. Sie besteht aus einem Schlafzimmer (Einzelbett), einem Wohnzimmer mit K\u00fcchenzeile, Schlafsofa und einem Badezimmer mit Dusche. Services: TV, Waschmaschine, \u00fcberdachte Parkpl\u00e4tze, zwei Liegest\u00fchle, Grill, zwei Fahrr\u00e4der, Aussenbeleuchtung.[\/vc_column_text][vc_masonry_media_grid element_width=&#8220;3&#8243; gap=&#8220;10&#8243; item=&#8220;masonryMedia_ScaleWithRotationLight&#8220; css=&#8220;&#8220; grid_id=&#8220;vc_gid:1741792478124-8fd84c33-9b87-6&#8243; include=&#8220;7637,7646&#8243;][\/vc_column][\/vc_row]<\/p>\n","protected":false},"author":1,"featured_media":0,"parent":7970,"menu_order":2,"comment_status":"closed","ping_status":"closed","template":"","meta":{"footnotes":""},"yoast_head":"<!-- This site is optimized with the Yoast SEO plugin v23.0 - https:\/\/yoast.com\/wordpress\/plugins\/seo\/ -->\n<title>Zwei-Zimmer-Wohnung 2 - Wohnungen Ricci - Marina di Campo, InselElba<\/title>\n<meta name=\"description\" content=\"Die Zwei-Zimmer-Wohnung 2 liegt im Erdgeschoss besteht aus einem Schlafzimmer, einem Wohnzimmer mit K\u00fcchenzeile, Schlafsofa und einem Badezimmer mit Dusche.\" \/>\n<meta name=\"robots\" content=\"index, follow, max-snippet:-1, max-image-preview:large, max-video-preview:-1\" \/>\n<link rel=\"canonical\" href=\"https:\/\/www.vacanzericci.it\/de\/wohnungen\/zwei-zimmer-wohnung-2\/\" \/>\n<meta property=\"og:locale\" content=\"de_DE\" \/>\n<meta property=\"og:type\" content=\"article\" \/>\n<meta property=\"og:title\" content=\"Zwei-Zimmer-Wohnung 2 - Wohnungen Ricci - Marina di Campo, InselElba\" \/>\n<meta property=\"og:description\" content=\"Die Zwei-Zimmer-Wohnung 2 liegt im Erdgeschoss besteht aus einem Schlafzimmer, einem Wohnzimmer mit K\u00fcchenzeile, Schlafsofa und einem Badezimmer mit Dusche.\" \/>\n<meta property=\"og:url\" content=\"https:\/\/www.vacanzericci.it\/de\/wohnungen\/zwei-zimmer-wohnung-2\/\" \/>\n<meta property=\"og:site_name\" content=\"Appartamenti Vacanze Ricci\" \/>\n<meta property=\"article:modified_time\" content=\"2025-03-12T15:16:22+00:00\" \/>\n<meta name=\"twitter:card\" content=\"summary_large_image\" \/>\n<meta name=\"twitter:label1\" content=\"Gesch\u00e4tzte Lesezeit\" \/>\n\t<meta name=\"twitter:data1\" content=\"1 Minute\" \/>\n<script type=\"application\/ld+json\" class=\"yoast-schema-graph\">{\"@context\":\"https:\/\/schema.org\",\"@graph\":[{\"@type\":\"WebPage\",\"@id\":\"https:\/\/www.vacanzericci.it\/de\/wohnungen\/zwei-zimmer-wohnung-2\/\",\"url\":\"https:\/\/www.vacanzericci.it\/de\/wohnungen\/zwei-zimmer-wohnung-2\/\",\"name\":\"Zwei-Zimmer-Wohnung 2 - Wohnungen Ricci - Marina di Campo, InselElba\",\"isPartOf\":{\"@id\":\"https:\/\/www.vacanzericci.it\/de\/#website\"},\"datePublished\":\"2019-05-30T15:40:57+00:00\",\"dateModified\":\"2025-03-12T15:16:22+00:00\",\"description\":\"Die Zwei-Zimmer-Wohnung 2 liegt im Erdgeschoss besteht aus einem Schlafzimmer, einem Wohnzimmer mit K\u00fcchenzeile, Schlafsofa und einem Badezimmer mit Dusche.\",\"breadcrumb\":{\"@id\":\"https:\/\/www.vacanzericci.it\/de\/wohnungen\/zwei-zimmer-wohnung-2\/#breadcrumb\"},\"inLanguage\":\"de-DE\",\"potentialAction\":[{\"@type\":\"ReadAction\",\"target\":[\"https:\/\/www.vacanzericci.it\/de\/wohnungen\/zwei-zimmer-wohnung-2\/\"]}]},{\"@type\":\"BreadcrumbList\",\"@id\":\"https:\/\/www.vacanzericci.it\/de\/wohnungen\/zwei-zimmer-wohnung-2\/#breadcrumb\",\"itemListElement\":[{\"@type\":\"ListItem\",\"position\":1,\"name\":\"Home\",\"item\":\"https:\/\/www.vacanzericci.it\/de\/\"},{\"@type\":\"ListItem\",\"position\":2,\"name\":\"Wohnungen\",\"item\":\"https:\/\/www.vacanzericci.it\/de\/wohnungen\/\"},{\"@type\":\"ListItem\",\"position\":3,\"name\":\"Zwei-Zimmer-Wohnung 2\"}]},{\"@type\":\"WebSite\",\"@id\":\"https:\/\/www.vacanzericci.it\/de\/#website\",\"url\":\"https:\/\/www.vacanzericci.it\/de\/\",\"name\":\"Appartamenti Vacanze Ricci\",\"description\":\"Marina di Campo, Isola d&#039;Elba\",\"publisher\":{\"@id\":\"https:\/\/www.vacanzericci.it\/de\/#organization\"},\"potentialAction\":[{\"@type\":\"SearchAction\",\"target\":{\"@type\":\"EntryPoint\",\"urlTemplate\":\"https:\/\/www.vacanzericci.it\/de\/?s={search_term_string}\"},\"query-input\":\"required name=search_term_string\"}],\"inLanguage\":\"de-DE\"},{\"@type\":\"Organization\",\"@id\":\"https:\/\/www.vacanzericci.it\/de\/#organization\",\"name\":\"Appartamenti Vacanze Ricci\",\"url\":\"https:\/\/www.vacanzericci.it\/de\/\",\"logo\":{\"@type\":\"ImageObject\",\"inLanguage\":\"de-DE\",\"@id\":\"https:\/\/www.vacanzericci.it\/de\/#\/schema\/logo\/image\/\",\"url\":\"https:\/\/www.vacanzericci.it\/wp-content\/uploads\/appartamenti_vacanze_ricci_verticale_b.png\",\"contentUrl\":\"https:\/\/www.vacanzericci.it\/wp-content\/uploads\/appartamenti_vacanze_ricci_verticale_b.png\",\"width\":800,\"height\":345,\"caption\":\"Appartamenti Vacanze Ricci\"},\"image\":{\"@id\":\"https:\/\/www.vacanzericci.it\/de\/#\/schema\/logo\/image\/\"}}]}<\/script>\n<!-- \/ Yoast SEO plugin. -->","yoast_head_json":{"title":"Zwei-Zimmer-Wohnung 2 - Wohnungen Ricci - Marina di Campo, InselElba","description":"Die Zwei-Zimmer-Wohnung 2 liegt im Erdgeschoss besteht aus einem Schlafzimmer, einem Wohnzimmer mit K\u00fcchenzeile, Schlafsofa und einem Badezimmer mit Dusche.","robots":{"index":"index","follow":"follow","max-snippet":"max-snippet:-1","max-image-preview":"max-image-preview:large","max-video-preview":"max-video-preview:-1"},"canonical":"https:\/\/www.vacanzericci.it\/de\/wohnungen\/zwei-zimmer-wohnung-2\/","og_locale":"de_DE","og_type":"article","og_title":"Zwei-Zimmer-Wohnung 2 - Wohnungen Ricci - Marina di Campo, InselElba","og_description":"Die Zwei-Zimmer-Wohnung 2 liegt im Erdgeschoss besteht aus einem Schlafzimmer, einem Wohnzimmer mit K\u00fcchenzeile, Schlafsofa und einem Badezimmer mit Dusche.","og_url":"https:\/\/www.vacanzericci.it\/de\/wohnungen\/zwei-zimmer-wohnung-2\/","og_site_name":"Appartamenti Vacanze Ricci","article_modified_time":"2025-03-12T15:16:22+00:00","twitter_card":"summary_large_image","twitter_misc":{"Gesch\u00e4tzte Lesezeit":"1 Minute"},"schema":{"@context":"https:\/\/schema.org","@graph":[{"@type":"WebPage","@id":"https:\/\/www.vacanzericci.it\/de\/wohnungen\/zwei-zimmer-wohnung-2\/","url":"https:\/\/www.vacanzericci.it\/de\/wohnungen\/zwei-zimmer-wohnung-2\/","name":"Zwei-Zimmer-Wohnung 2 - Wohnungen Ricci - Marina di Campo, InselElba","isPartOf":{"@id":"https:\/\/www.vacanzericci.it\/de\/#website"},"datePublished":"2019-05-30T15:40:57+00:00","dateModified":"2025-03-12T15:16:22+00:00","description":"Die Zwei-Zimmer-Wohnung 2 liegt im Erdgeschoss besteht aus einem Schlafzimmer, einem Wohnzimmer mit K\u00fcchenzeile, Schlafsofa und einem Badezimmer mit Dusche.","breadcrumb":{"@id":"https:\/\/www.vacanzericci.it\/de\/wohnungen\/zwei-zimmer-wohnung-2\/#breadcrumb"},"inLanguage":"de-DE","potentialAction":[{"@type":"ReadAction","target":["https:\/\/www.vacanzericci.it\/de\/wohnungen\/zwei-zimmer-wohnung-2\/"]}]},{"@type":"BreadcrumbList","@id":"https:\/\/www.vacanzericci.it\/de\/wohnungen\/zwei-zimmer-wohnung-2\/#breadcrumb","itemListElement":[{"@type":"ListItem","position":1,"name":"Home","item":"https:\/\/www.vacanzericci.it\/de\/"},{"@type":"ListItem","position":2,"name":"Wohnungen","item":"https:\/\/www.vacanzericci.it\/de\/wohnungen\/"},{"@type":"ListItem","position":3,"name":"Zwei-Zimmer-Wohnung 2"}]},{"@type":"WebSite","@id":"https:\/\/www.vacanzericci.it\/de\/#website","url":"https:\/\/www.vacanzericci.it\/de\/","name":"Appartamenti Vacanze Ricci","description":"Marina di Campo, Isola d&#039;Elba","publisher":{"@id":"https:\/\/www.vacanzericci.it\/de\/#organization"},"potentialAction":[{"@type":"SearchAction","target":{"@type":"EntryPoint","urlTemplate":"https:\/\/www.vacanzericci.it\/de\/?s={search_term_string}"},"query-input":"required name=search_term_string"}],"inLanguage":"de-DE"},{"@type":"Organization","@id":"https:\/\/www.vacanzericci.it\/de\/#organization","name":"Appartamenti Vacanze Ricci","url":"https:\/\/www.vacanzericci.it\/de\/","logo":{"@type":"ImageObject","inLanguage":"de-DE","@id":"https:\/\/www.vacanzericci.it\/de\/#\/schema\/logo\/image\/","url":"https:\/\/www.vacanzericci.it\/wp-content\/uploads\/appartamenti_vacanze_ricci_verticale_b.png","contentUrl":"https:\/\/www.vacanzericci.it\/wp-content\/uploads\/appartamenti_vacanze_ricci_verticale_b.png","width":800,"height":345,"caption":"Appartamenti Vacanze Ricci"},"image":{"@id":"https:\/\/www.vacanzericci.it\/de\/#\/schema\/logo\/image\/"}}]}},"_links":{"self":[{"href":"https:\/\/www.vacanzericci.it\/de\/wp-json\/wp\/v2\/pages\/7986"}],"collection":[{"href":"https:\/\/www.vacanzericci.it\/de\/wp-json\/wp\/v2\/pages"}],"about":[{"href":"https:\/\/www.vacanzericci.it\/de\/wp-json\/wp\/v2\/types\/page"}],"author":[{"embeddable":true,"href":"https:\/\/www.vacanzericci.it\/de\/wp-json\/wp\/v2\/users\/1"}],"replies":[{"embeddable":true,"href":"https:\/\/www.vacanzericci.it\/de\/wp-json\/wp\/v2\/comments?post=7986"}],"version-history":[{"count":3,"href":"https:\/\/www.vacanzericci.it\/de\/wp-json\/wp\/v2\/pages\/7986\/revisions"}],"predecessor-version":[{"id":8288,"href":"https:\/\/www.vacanzericci.it\/de\/wp-json\/wp\/v2\/pages\/7986\/revisions\/8288"}],"up":[{"embeddable":true,"href":"https:\/\/www.vacanzericci.it\/de\/wp-json\/wp\/v2\/pages\/7970"}],"wp:attachment":[{"href":"https:\/\/www.vacanzericci.it\/de\/wp-json\/wp\/v2\/media?parent=7986"}],"curies":[{"name":"wp","href":"https:\/\/api.w.org\/{rel}","templated":true}]}}